{"id":17,"date":"2020-05-19T02:58:54","date_gmt":"2020-05-18T23:58:54","guid":{"rendered":"http:\/\/old4.commonsupport.com\/update\/indext\/?page_id=17"},"modified":"2024-04-15T12:51:13","modified_gmt":"2024-04-15T09:51:13","slug":"ana-sayfa","status":"publish","type":"page","link":"https:\/\/www.rocseals.com\/tr\/","title":{"rendered":"Ana Sayfa"},"content":{"rendered":"<div data-elementor-type=\"wp-page\" data-elementor-id=\"17\" class=\"elementor elementor-17\">\n\t\t\t\t\t\t\t\t\t<section class=\"elementor-section elementor-top-section elementor-element elementor-element-28efeab9 elementor-section-stretched elementor-section-full_width elementor-section-height-default elementor-section-height-default\" data-id=\"28efeab9\" data-element_type=\"section\" data-settings=\"{&quot;stretch_section&quot;:&quot;section-stretched&quot;}\">\n\t\t\t\t\t\t<div class=\"elementor-container elementor-column-gap-no\">\n\t\t\t\t\t<div class=\"elementor-column elementor-col-100 elementor-top-column elementor-element elementor-element-115b9dca\" data-id=\"115b9dca\" data-element_type=\"column\">\n\t\t\t<div class=\"elementor-widget-wrap elementor-element-populated\">\n\t\t\t\t\t\t\t\t<div class=\"elementor-element elementor-element-e0ed49c elementor-widget elementor-widget-indext_theme_slider\" data-id=\"e0ed49c\" data-element_type=\"widget\" data-widget_type=\"indext_theme_slider.default\">\n\t\t\t\t<div class=\"elementor-widget-container\">\n\t\t\t\t<section class=\"slider-one\">\n\t<div class=\"slider-one__carousel owl-carousel owl-theme\">\n\t\t\n\t\t\t\t\n\t\t<div class=\"item slider-one__slider-1\" style=\"background-image: url(http:\/\/www.rocseals.com\/wp-content\/uploads\/2023\/08\/slider-2-1-2.webp);\">\n\t\t\t<div class=\"container\">\n\t\t\t\t<h2 class=\"slider-one__title\"><font color=\"black\">Otomotivden Ev Teknolojisine <br> S\u0131zd\u0131rmazl\u0131\u011f\u0131n <br>Y\u0131ld\u0131z\u0131<\/font><\/h2><!-- \/.slider-one__title -->\n\t\t\t\t<p class=\"slider-one__text\"><b><font color=\"red\">ROC<\/font><font color=\"gray\">SEALS<\/font><\/b><\/p>\n\t\t\t\t<!-- \/.slider-one__text -->\n\t\t\t<\/div><!-- \/.container -->\n\t\t<\/div><!-- \/.item -->\n\t\t\n\t\t\t\t\n\t\t<div class=\"item slider-one__slider-1\" style=\"background-image: url(http:\/\/www.rocseals.com\/wp-content\/uploads\/2023\/09\/kapi-pencere.webp);\">\n\t\t\t<div class=\"container\">\n\t\t\t\t<h2 class=\"slider-one__title\"><br>\nGeni\u015f \u00dcr\u00fcn Yelpazesi<\/h2><!-- \/.slider-one__title -->\n\t\t\t\t<p class=\"slider-one__text\"><b>Kap\u0131 &amp; Pencere<br>\nCephe Kaplama<br>\nK\u0131\u015f Bah\u00e7esi &amp; Tente<br>\nDi\u011fer \u00dcretim(otomotiv, beyaz e\u015fya, g\u00fcne\u015f sistemler vs..)<\/p>\n\t\t\t\t<!-- \/.slider-one__text -->\n\t\t\t<\/div><!-- \/.container -->\n\t\t<\/div><!-- \/.item -->\n\t\t\n\t\t\t\t\n\t\t<div class=\"item slider-one__slider-1\" style=\"background-image: url(http:\/\/www.rocseals.com\/wp-content\/uploads\/2023\/08\/slider-2-1.webp);\">\n\t\t\t<div class=\"container\">\n\t\t\t\t<h2 class=\"slider-one__title\">Kaliteli Ve S\u00fcrekli \u00dcretim<\/h2><!-- \/.slider-one__title -->\n\t\t\t\t<p class=\"slider-one__text\"><b>ROCSEALS<\/b><\/p>\n\t\t\t\t<!-- \/.slider-one__text -->\n\t\t\t<\/div><!-- \/.container -->\n\t\t<\/div><!-- \/.item -->\n\t\t\n\t\t\t<\/div><!-- \/.slider-one__carousel -->\n<\/section><!-- \/.slider-one -->\n\t\t\t\t<\/div>\n\t\t\t\t<\/div>\n\t\t\t\t\t<\/div>\n\t\t<\/div>\n\t\t\t\t\t\t\t<\/div>\n\t\t<\/section>\n\t\t\t\t<section class=\"elementor-section elementor-top-section elementor-element elementor-element-3fd222ab elementor-section-stretched elementor-section-full_width elementor-section-height-default elementor-section-height-default\" data-id=\"3fd222ab\" data-element_type=\"section\" data-settings=\"{&quot;stretch_section&quot;:&quot;section-stretched&quot;}\">\n\t\t\t\t\t\t<div class=\"elementor-container elementor-column-gap-no\">\n\t\t\t\t\t<div class=\"elementor-column elementor-col-100 elementor-top-column elementor-element elementor-element-65250e1\" data-id=\"65250e1\" data-element_type=\"column\">\n\t\t\t<div class=\"elementor-widget-wrap elementor-element-populated\">\n\t\t\t\t\t\t\t\t<div class=\"elementor-element elementor-element-68a4e569 elementor-widget elementor-widget-indext_about3\" data-id=\"68a4e569\" data-element_type=\"widget\" data-widget_type=\"indext_about3.default\">\n\t\t\t\t<div class=\"elementor-widget-container\">\n\t\t\t<section class=\"about-two about-two__home-two\">\n\t<div class=\"container\">\n\t\t<div class=\"row\">\n\t\t\t<div class=\"col-lg-6 d-flex justify-content-end\">\n\t\t\t\t<div class=\"about-two__img wow fadeInLeft\" data-wow-duration=\"1500ms\">\n\t\t\t\t\t<img decoding=\"async\" src=\"http:\/\/www.rocseals.com\/wp-content\/uploads\/2023\/08\/1.jpg\" class=\"about-two__img-1\" alt=\"\">\n\t\t\t\t\t<img decoding=\"async\" src=\"http:\/\/www.rocseals.com\/wp-content\/uploads\/2023\/09\/about-2-2-1-duzenli.webp\" class=\"about-two__img-2\" alt=\"\">\n\t\t\t\t<\/div><!-- \/.about-two__img -->\n\t\t\t<\/div><!-- \/.col-lg-6 -->\n\t\t\t<div class=\"col-lg-6\">\n\t\t\t\t<div class=\"about-two__content\">\n\t\t\t\t\t<div class=\"block-title\">\n\t\t\t\t\t\t<p class=\"block-title__tag-line\"><\/p><!-- \/.block-title__tag-line -->\n\t\t\t\t\t\t<h3 class=\"block-title__title\">Rocseals <br>\n\t\t\t\t\t\t\t<span class=\"block-title__bold\">S\u0131zd\u0131rmazl\u0131k \u00fcr\u00fcnleri ve conta \u00fcretimi alan\u0131nda <span class=\"block-title__base\">25 y\u0131ll\u0131k tecr\u00fcbe<\/span><!-- \/.block-title__base --><\/span>\n\t\t\t\t\t\t\t<!-- \/.block-title__bold -->\n\t\t\t\t\t\t<\/h3><!-- \/.block-title__title -->\n\t\t\t\t\t<\/div><!-- \/.block-title -->\n\t\t\t\t\t<p class=\"about-two__text\">Deneyimli ve dinamik kadrosu ile bug\u00fcn pek \u00e7ok m\u00fc\u015fterisine kaliteli, uygun fiyatl\u0131 ve ihtiyac\u0131 tam olarak kar\u015f\u0131layacak nitelikte \u00fcr\u00fcn sa\u011flayan ROCSEALS, \u00fcretiminin \u00f6nemli bir b\u00f6l\u00fcm\u00fcn\u00fc de d\u00fcnya pazarlar\u0131na ihra\u00e7 etmektedir.<\/p>\n\t\t\t\t\t<!-- \/.about-two__text -->\n\t\t\t\t\t<ul class=\"about-two__list list-unstyled\">\n\t\t\t\t\t\t\n\t\t\t\t\t\t\t\t\t\t\t\t\n\t\t\t\t\t\t<li><i class=\"indext-icon-check-1-1\"><\/i> Kalite \u00dcretim<\/li>\n\t\t\t\t\t\t\n\t\t\t\t\t\t\t\t\t\t\t\t\n\t\t\t\t\t\t<li><i class=\"indext-icon-check-1-1\"><\/i> Alan\u0131nda Tecr\u00fcbeli Personel<\/li>\n\t\t\t\t\t\t\n\t\t\t\t\t\t\t\t\t\t\t\t\n\t\t\t\t\t\t<li><i class=\"indext-icon-check-1-1\"><\/i> G\u00fcven<\/li>\n\t\t\t\t\t\t\n\t\t\t\t\t\t\t\t\t\t\t<\/ul><!-- \/.about-two__list -->\n\t\t\t\t\t<img decoding=\"async\" src=\"\" class=\"about-two__sign\" alt=\"\">\n\t\t\t\t<\/div><!-- \/.about-two__content -->\n\t\t\t<\/div><!-- \/.col-lg-6 -->\n\t\t<\/div><!-- \/.row -->\n\t<\/div><!-- \/.container -->\n<\/section>\n\t\t\t\t<\/div>\n\t\t\t\t<\/div>\n\t\t\t\t<div class=\"elementor-element elementor-element-24d37900 elementor-widget elementor-widget-indext_funfact\" data-id=\"24d37900\" data-element_type=\"widget\" data-widget_type=\"indext_funfact.default\">\n\t\t\t\t<div class=\"elementor-widget-container\">\n\t\t\t<section class=\"fact-one @@extra__class\">\n            <div class=\"container\">\n                <div class=\"inner-container\">\n                    <div class=\"row\">\n                        \n\t\t\t\t\t\t\t\t\t\t\t\t\n\t\t\t\t\t\t<div class=\"col-lg-3 col-md-6 col-sm-12\">\n                            <div class=\"fact-one__single\">\n                                <div class=\"fact-one__icon\">\n                                    <i class=\"indext-icon-fact-1-1\"><\/i>\n                                <\/div><!-- \/.fact-one__icon -->\n                                <div class=\"fact-one__content\">\n                                    <h2 class=\"fact-one__title counter\">70\n<\/h2><!-- \/.fact-one__title -->\n                                    <p class=\"fact-one__text\">\u00c7al\u0131\u015fan<\/p><!-- \/.fact-one__text -->\n                                <\/div><!-- \/.fact-one__content -->\n                            <\/div><!-- \/.fact-one__single -->\n                        <\/div><!-- \/.col-lg-3 -->\n                        \n\t\t\t\t\t\t\t\t\t\t\t\t\n\t\t\t\t\t\t<div class=\"col-lg-3 col-md-6 col-sm-12\">\n                            <div class=\"fact-one__single\">\n                                <div class=\"fact-one__icon\">\n                                    <i class=\"indext-icon-fact-1-2\"><\/i>\n                                <\/div><!-- \/.fact-one__icon -->\n                                <div class=\"fact-one__content\">\n                                    <h2 class=\"fact-one__title counter\">7<\/h2><!-- \/.fact-one__title -->\n                                    <p class=\"fact-one__text\">Kalite Sertifikas\u0131<\/p><!-- \/.fact-one__text -->\n                                <\/div><!-- \/.fact-one__content -->\n                            <\/div><!-- \/.fact-one__single -->\n                        <\/div><!-- \/.col-lg-3 -->\n                        \n\t\t\t\t\t\t\t\t\t\t\t\t\n\t\t\t\t\t\t<div class=\"col-lg-3 col-md-6 col-sm-12\">\n                            <div class=\"fact-one__single\">\n                                <div class=\"fact-one__icon\">\n                                    <i class=\"indext-icon-service-1-2\"><\/i>\n                                <\/div><!-- \/.fact-one__icon -->\n                                <div class=\"fact-one__content\">\n                                    <h2 class=\"fact-one__title counter\">20<\/h2><!-- \/.fact-one__title -->\n                                    <p class=\"fact-one__text\">Sekt\u00f6re \u00dcretim<\/p><!-- \/.fact-one__text -->\n                                <\/div><!-- \/.fact-one__content -->\n                            <\/div><!-- \/.fact-one__single -->\n                        <\/div><!-- \/.col-lg-3 -->\n                        \n\t\t\t\t\t\t\t\t\t\t\t\t\n\t\t\t\t\t\t<div class=\"col-lg-3 col-md-6 col-sm-12\">\n                            <div class=\"fact-one__single\">\n                                <div class=\"fact-one__icon\">\n                                    <i class=\"fas fa-ship\"><\/i>\n                                <\/div><!-- \/.fact-one__icon -->\n                                <div class=\"fact-one__content\">\n                                    <h2 class=\"fact-one__title counter\">15<\/h2><!-- \/.fact-one__title -->\n                                    <p class=\"fact-one__text\">\u0130hracat<\/p><!-- \/.fact-one__text -->\n                                <\/div><!-- \/.fact-one__content -->\n                            <\/div><!-- \/.fact-one__single -->\n                        <\/div><!-- \/.col-lg-3 -->\n                        \n\t\t\t\t\t\t                    <\/div><!-- \/.row -->\n                <\/div><!-- \/.inner-container -->\n            <\/div><!-- \/.container -->\n        <\/section>\n\t\t\t\t<\/div>\n\t\t\t\t<\/div>\n\t\t\t\t\t<\/div>\n\t\t<\/div>\n\t\t\t\t\t\t\t<\/div>\n\t\t<\/section>\n\t\t\t\t<section class=\"elementor-section elementor-top-section elementor-element elementor-element-50db1ab8 elementor-section-full_width elementor-section-height-default elementor-section-height-default\" data-id=\"50db1ab8\" data-element_type=\"section\">\n\t\t\t\t\t\t<div class=\"elementor-container elementor-column-gap-no\">\n\t\t\t\t\t<div class=\"elementor-column elementor-col-100 elementor-top-column elementor-element elementor-element-6b6b5e6f\" data-id=\"6b6b5e6f\" data-element_type=\"column\">\n\t\t\t<div class=\"elementor-widget-wrap elementor-element-populated\">\n\t\t\t\t\t\t\t\t<div class=\"elementor-element elementor-element-175cd6ea elementor-widget elementor-widget-indext_project_slide2\" data-id=\"175cd6ea\" data-element_type=\"widget\" data-widget_type=\"indext_project_slide2.default\">\n\t\t\t\t<div class=\"elementor-widget-container\">\n\t\t\t<section class=\"project-one project-one__home-two\">\n\t<div class=\"container-fluid\">\n\t\t<div class=\"block-title text-center\">\n\t\t\t<p class=\"block-title__tag-line\"><\/p><!-- \/.block-title__tag-line -->\n\t\t\t<h3 class=\"block-title__title\"><br>\n\t\t\t\t<span class=\"block-title__bold\">Hizmet Verdi\u011fimiz Sekt\u00f6rler\t\t\t\t<\/span><\/h3><!-- \/.block-title__title -->\n\t\t<\/div><!-- \/.block-title -->\n\t\t<div class=\"project-two__carousel owl-carousel owl-theme\">\n\t\t\t\n\t\t\t\t\t\t\n\t\t\t<div class=\"item\">\n\t\t\t\t<div class=\"project-one__single\">\n\t\t\t\t\t<img decoding=\"async\" src=\"http:\/\/www.rocseals.com\/wp-content\/uploads\/2023\/08\/kapi-pencere-contasi.jpg\" alt=\"\">\n\t\t\t\t\t<div class=\"project-one__content\">\n\t\t\t\t\t\t<h2 class=\"project-one__title\"><a href=\"https:\/\/www.rocseals.com\/tr\/kapi-pencere\/\">Kap\u0131 Pencere Contalar\u0131<\/a><\/h2><!-- \/.project-one__title -->\n\t\t\t\t\t<\/div><!-- \/.project-one__content -->\n\t\t\t\t<\/div><!-- \/.project-one__single -->\n\t\t\t<\/div><!-- \/.item -->\n\t\t\t\n\t\t\t\t\t\t\n\t\t\t<div class=\"item\">\n\t\t\t\t<div class=\"project-one__single\">\n\t\t\t\t\t<img decoding=\"async\" src=\"http:\/\/www.rocseals.com\/wp-content\/uploads\/2023\/08\/otomotiv-contasi.jpg\" alt=\"\">\n\t\t\t\t\t<div class=\"project-one__content\">\n\t\t\t\t\t\t<h2 class=\"project-one__title\"><a href=\"https:\/\/www.rocseals.com\/tr\/diger-uretimler\/\">Otomotiv Contalar\u0131<\/a><\/h2><!-- \/.project-one__title -->\n\t\t\t\t\t<\/div><!-- \/.project-one__content -->\n\t\t\t\t<\/div><!-- \/.project-one__single -->\n\t\t\t<\/div><!-- \/.item -->\n\t\t\t\n\t\t\t\t\t\t\n\t\t\t<div class=\"item\">\n\t\t\t\t<div class=\"project-one__single\">\n\t\t\t\t\t<img decoding=\"async\" src=\"http:\/\/www.rocseals.com\/wp-content\/uploads\/2023\/08\/cephe-kaplama-contalari-1.jpg\" alt=\"\">\n\t\t\t\t\t<div class=\"project-one__content\">\n\t\t\t\t\t\t<h2 class=\"project-one__title\"><a href=\"https:\/\/www.rocseals.com\/tr\/cephe-kaplama\/\">Cephe Kaplama<\/a><\/h2><!-- \/.project-one__title -->\n\t\t\t\t\t<\/div><!-- \/.project-one__content -->\n\t\t\t\t<\/div><!-- \/.project-one__single -->\n\t\t\t<\/div><!-- \/.item -->\n\t\t\t\n\t\t\t\t\t\t\n\t\t\t<div class=\"item\">\n\t\t\t\t<div class=\"project-one__single\">\n\t\t\t\t\t<img decoding=\"async\" src=\"http:\/\/www.rocseals.com\/wp-content\/uploads\/2023\/08\/beyaz-esya-contalari.jpg\" alt=\"\">\n\t\t\t\t\t<div class=\"project-one__content\">\n\t\t\t\t\t\t<h2 class=\"project-one__title\"><a href=\"https:\/\/www.rocseals.com\/tr\/diger-uretimler\/\">Beyaz E\u015fya Contalar\u0131<\/a><\/h2><!-- \/.project-one__title -->\n\t\t\t\t\t<\/div><!-- \/.project-one__content -->\n\t\t\t\t<\/div><!-- \/.project-one__single -->\n\t\t\t<\/div><!-- \/.item -->\n\t\t\t\n\t\t\t\t\t<\/div><!-- \/.project-one__carousel owl-carousel owl-theme -->\n\t<\/div><!-- \/.container -->\n<\/section>\n\t\t\t\t<\/div>\n\t\t\t\t<\/div>\n\t\t\t\t\t<\/div>\n\t\t<\/div>\n\t\t\t\t\t\t\t<\/div>\n\t\t<\/section>\n\t\t\t\t<section class=\"elementor-section elementor-top-section elementor-element elementor-element-2133dd8e elementor-section-full_width home2 elementor-section-height-default elementor-section-height-default\" data-id=\"2133dd8e\" data-element_type=\"section\" data-settings=\"{&quot;background_background&quot;:&quot;classic&quot;}\">\n\t\t\t\t\t\t<div class=\"elementor-container elementor-column-gap-no\">\n\t\t\t\t\t<div class=\"elementor-column elementor-col-100 elementor-top-column elementor-element elementor-element-71d57ad8\" data-id=\"71d57ad8\" data-element_type=\"column\">\n\t\t\t<div class=\"elementor-widget-wrap elementor-element-populated\">\n\t\t\t\t\t\t\t\t<div class=\"elementor-element elementor-element-1a1437de elementor-widget elementor-widget-indext_calltoaction2\" data-id=\"1a1437de\" data-element_type=\"widget\" data-widget_type=\"indext_calltoaction2.default\">\n\t\t\t\t<div class=\"elementor-widget-container\">\n\t\t\t<section class=\"cta-two\">\n\t<img decoding=\"async\" src=\"http:\/\/www.rocseals.com\/wp-content\/uploads\/2023\/08\/conta-hammadde.webp\" class=\"cta-two__moc\" data-wow-duration=\"1500ms\" alt=\"\">\n\t<div class=\"container text-center\">\n\t\t<h2 class=\"cta-two__title\">\u00dcr\u00fcn \u00c7e\u015fitlerimiz Hakk\u0131nda Bilgi Almak \u0130\u00e7in<\/h2><!-- \/.cta-two__title -->\n\t\t<p class=\"cta-two__text\">L\u00fctfen Katalo\u011fu \u0130ndirin<\/p>\n\t\t<!-- \/.cta-two__text -->\n\t\t<a target=\"_blank\" href=\"http:\/\/www.rocseals.com\/wp-content\/uploads\/2023\/09\/KATALOG-RESIMLERI.pdf\" class=\"thm-btn cta-two__btn\">\u0130ndir <\/a><!-- \/.thm-btn -->\n\t<\/div><!-- \/.container -->\n<\/section>\n\t\t\t\t<\/div>\n\t\t\t\t<\/div>\n\t\t\t\t\t<\/div>\n\t\t<\/div>\n\t\t\t\t\t\t\t<\/div>\n\t\t<\/section>\n\t\t\t\t<section class=\"elementor-section elementor-top-section elementor-element elementor-element-6461374b elementor-section-stretched elementor-section-full_width elementor-section-height-default elementor-section-height-default\" data-id=\"6461374b\" data-element_type=\"section\" data-settings=\"{&quot;stretch_section&quot;:&quot;section-stretched&quot;}\">\n\t\t\t\t\t\t<div class=\"elementor-container elementor-column-gap-no\">\n\t\t\t\t\t<div class=\"elementor-column elementor-col-100 elementor-top-column elementor-element elementor-element-10f5de7\" data-id=\"10f5de7\" data-element_type=\"column\">\n\t\t\t<div class=\"elementor-widget-wrap elementor-element-populated\">\n\t\t\t\t\t\t\t\t<div class=\"elementor-element elementor-element-1a342fa elementor-widget elementor-widget-indext_blog\" data-id=\"1a342fa\" data-element_type=\"widget\" data-widget_type=\"indext_blog.default\">\n\t\t\t\t<div class=\"elementor-widget-container\">\n\t\t\t        <section class=\"blog-one\">\n            <div class=\"container\">\n                <div class=\"block-title text-center\">\n                    <p class=\"block-title__tag-line\"><\/p><!-- \/.block-title__tag-line -->\n                    <h3 class=\"block-title__title\">                        <br> <span class=\"block-title__bold\">Bizden Haberler<\/span><!-- \/.block-title__bold -->\n                    <\/h3><!-- \/.block-title__title -->\n                <\/div><!-- \/.block-title -->\n                <div class=\"row\">\n                    \n\t\t\t\t\t\t\t\t\t\t\n\t\t\t\t\t<div class=\"col-lg-3\">\n                        <div class=\"blog-one__single\">\n                            <div class=\"blog-one__image\">\n                                <img decoding=\"async\" src=\"https:\/\/www.rocseals.com\/wp-content\/uploads\/2024\/11\/WhatsApp-Gorsel-2024-11-11-saat-15.21.31_9b9f44cc-2.jpg\" alt=\"\">\n                                <a href=\"https:\/\/www.rocseals.com\/tr\/we-would-like-to-inform-you-that-rocseals-will-participate-at-the-eurasia-window-fair-which-will-be-held-between-16-19-november-we-are-very-happy-to-welcome-you-to-our-stand\/\"><i class=\"indext-icon-right\"><\/i><\/a>\n                            <\/div><!-- \/.blog-one__image -->\n                            <div class=\"blog-one__meta\">\n                                <a href=\"https:\/\/www.rocseals.com\/tr\/we-would-like-to-inform-you-that-rocseals-will-participate-at-the-eurasia-window-fair-which-will-be-held-between-16-19-november-we-are-very-happy-to-welcome-you-to-our-stand\/\">Rocseals<\/a>\n                                <span>I<\/span>\n                                <a href=\"https:\/\/www.rocseals.com\/tr\/we-would-like-to-inform-you-that-rocseals-will-participate-at-the-eurasia-window-fair-which-will-be-held-between-16-19-november-we-are-very-happy-to-welcome-you-to-our-stand\/\">11 Kas\u0131m 2024<\/a>\n                            <\/div><!-- \/.blog-one__meta -->\n                            <h2 class=\"blog-one__title\"><a href=\"https:\/\/www.rocseals.com\/tr\/we-would-like-to-inform-you-that-rocseals-will-participate-at-the-eurasia-window-fair-which-will-be-held-between-16-19-november-we-are-very-happy-to-welcome-you-to-our-stand\/\">We would like to inform you that Rocseals will participate at the Eurasia Window Fair, which will be held between 16-19 November. We are very happy to welcome you\u00a0to\u00a0our\u00a0stand.<\/a><\/h2><!-- \/.blog-one__title -->\n                            <a href=\"https:\/\/www.rocseals.com\/tr\/we-would-like-to-inform-you-that-rocseals-will-participate-at-the-eurasia-window-fair-which-will-be-held-between-16-19-november-we-are-very-happy-to-welcome-you-to-our-stand\/\" class=\"blog-one__link\"><i class=\"indext-icon-right\"><\/i><\/a><!-- \/.blog-one__link -->\n                        <\/div><!-- \/.blog-one__single -->\n                    <\/div><!-- \/.col-lg-4 -->\n                    \n\t\t\t\t\t\t\t\t\t\t\n\t\t\t\t\t<div class=\"col-lg-3\">\n                        <div class=\"blog-one__single\">\n                            <div class=\"blog-one__image\">\n                                <img decoding=\"async\" src=\"https:\/\/www.rocseals.com\/wp-content\/uploads\/2024\/04\/bjhbhj.jpeg\" alt=\"\">\n                                <a href=\"https:\/\/www.rocseals.com\/tr\/we-attended-the-fensterbau-frontale-fair-held-in-nuremberg-germany\/\"><i class=\"indext-icon-right\"><\/i><\/a>\n                            <\/div><!-- \/.blog-one__image -->\n                            <div class=\"blog-one__meta\">\n                                <a href=\"https:\/\/www.rocseals.com\/tr\/we-attended-the-fensterbau-frontale-fair-held-in-nuremberg-germany\/\">Rocseals<\/a>\n                                <span>I<\/span>\n                                <a href=\"https:\/\/www.rocseals.com\/tr\/we-attended-the-fensterbau-frontale-fair-held-in-nuremberg-germany\/\">15 Nisan 2024<\/a>\n                            <\/div><!-- \/.blog-one__meta -->\n                            <h2 class=\"blog-one__title\"><a href=\"https:\/\/www.rocseals.com\/tr\/we-attended-the-fensterbau-frontale-fair-held-in-nuremberg-germany\/\">We attended the Fensterbau Frontale Fair held in Nuremberg, Germany.<\/a><\/h2><!-- \/.blog-one__title -->\n                            <a href=\"https:\/\/www.rocseals.com\/tr\/we-attended-the-fensterbau-frontale-fair-held-in-nuremberg-germany\/\" class=\"blog-one__link\"><i class=\"indext-icon-right\"><\/i><\/a><!-- \/.blog-one__link -->\n                        <\/div><!-- \/.blog-one__single -->\n                    <\/div><!-- \/.col-lg-4 -->\n                    \n\t\t\t\t\t\t\t\t\t\t\n\t\t\t\t\t<div class=\"col-lg-3\">\n                        <div class=\"blog-one__single\">\n                            <div class=\"blog-one__image\">\n                                <img decoding=\"async\" src=\"https:\/\/www.rocseals.com\/wp-content\/uploads\/2023\/10\/rocseals-on-fensterbau.jpg\" alt=\"\">\n                                <a href=\"https:\/\/www.rocseals.com\/tr\/rocseals-seals-and-gaskets-awaits-you-at-fensterbau-fair-in-nurnberg-germany\/\"><i class=\"indext-icon-right\"><\/i><\/a>\n                            <\/div><!-- \/.blog-one__image -->\n                            <div class=\"blog-one__meta\">\n                                <a href=\"https:\/\/www.rocseals.com\/tr\/rocseals-seals-and-gaskets-awaits-you-at-fensterbau-fair-in-nurnberg-germany\/\">Rocseals<\/a>\n                                <span>I<\/span>\n                                <a href=\"https:\/\/www.rocseals.com\/tr\/rocseals-seals-and-gaskets-awaits-you-at-fensterbau-fair-in-nurnberg-germany\/\">31 Ekim 2023<\/a>\n                            <\/div><!-- \/.blog-one__meta -->\n                            <h2 class=\"blog-one__title\"><a href=\"https:\/\/www.rocseals.com\/tr\/rocseals-seals-and-gaskets-awaits-you-at-fensterbau-fair-in-nurnberg-germany\/\">Rocseals Seals and Gaskets Awaits You at Fensterbau Fair in N\u00fcrnberg, Germany &#8211; Hall 6, Stand 258<\/a><\/h2><!-- \/.blog-one__title -->\n                            <a href=\"https:\/\/www.rocseals.com\/tr\/rocseals-seals-and-gaskets-awaits-you-at-fensterbau-fair-in-nurnberg-germany\/\" class=\"blog-one__link\"><i class=\"indext-icon-right\"><\/i><\/a><!-- \/.blog-one__link -->\n                        <\/div><!-- \/.blog-one__single -->\n                    <\/div><!-- \/.col-lg-4 -->\n                    \n\t\t\t\t\t\t\t\t\t\t\n\t\t\t\t\t<div class=\"col-lg-3\">\n                        <div class=\"blog-one__single\">\n                            <div class=\"blog-one__image\">\n                                <img decoding=\"async\" src=\"https:\/\/www.rocseals.com\/wp-content\/uploads\/2023\/10\/tuyap-fuar.jpg\" alt=\"\">\n                                <a href=\"https:\/\/www.rocseals.com\/tr\/rocseals-seals-and-gaskets-welcomes-you-at-the-istanbul-tuyap-fair\/\"><i class=\"indext-icon-right\"><\/i><\/a>\n                            <\/div><!-- \/.blog-one__image -->\n                            <div class=\"blog-one__meta\">\n                                <a href=\"https:\/\/www.rocseals.com\/tr\/rocseals-seals-and-gaskets-welcomes-you-at-the-istanbul-tuyap-fair\/\">Rocseals<\/a>\n                                <span>I<\/span>\n                                <a href=\"https:\/\/www.rocseals.com\/tr\/rocseals-seals-and-gaskets-welcomes-you-at-the-istanbul-tuyap-fair\/\">31 Ekim 2023<\/a>\n                            <\/div><!-- \/.blog-one__meta -->\n                            <h2 class=\"blog-one__title\"><a href=\"https:\/\/www.rocseals.com\/tr\/rocseals-seals-and-gaskets-welcomes-you-at-the-istanbul-tuyap-fair\/\">Rocseals Seals and Gaskets Welcomes You at the Istanbul T\u00dcYAP Fair<\/a><\/h2><!-- \/.blog-one__title -->\n                            <a href=\"https:\/\/www.rocseals.com\/tr\/rocseals-seals-and-gaskets-welcomes-you-at-the-istanbul-tuyap-fair\/\" class=\"blog-one__link\"><i class=\"indext-icon-right\"><\/i><\/a><!-- \/.blog-one__link -->\n                        <\/div><!-- \/.blog-one__single -->\n                    <\/div><!-- \/.col-lg-4 -->\n                    \n\t\t\t\t\t                <\/div><!-- \/.row -->\n            <\/div><!-- \/.container -->\n        <\/section>\n        \t\t<\/div>\n\t\t\t\t<\/div>\n\t\t\t\t\t<\/div>\n\t\t<\/div>\n\t\t\t\t\t\t\t<\/div>\n\t\t<\/section>\n\t\t\t\t\t\t\t<\/div>","protected":false},"excerpt":{"rendered":"<p>From Automotive to Home Technology, the Star of Sealing ROCSEALS Wide Range of Products DOOR &amp; WINDOW GASKETS FACADE GASKETS WINTER GARDEN &amp; AWNING GASKETS OTHER SECTORS (automotive, wide goods, solar vs..) Quality and Continuous Production ROCSEALS Rocseals Seal Products and Gasket Production with 25 Years of Experience With its experienced and dynamic team, ROCSEALS [&hellip;]<\/p>","protected":false},"author":1,"featured_media":0,"parent":0,"menu_order":0,"comment_status":"closed","ping_status":"closed","template":"tpl-default-elementor.php","meta":{"footnotes":""},"_links":{"self":[{"href":"https:\/\/www.rocseals.com\/tr\/wp-json\/wp\/v2\/pages\/17"}],"collection":[{"href":"https:\/\/www.rocseals.com\/tr\/wp-json\/wp\/v2\/pages"}],"about":[{"href":"https:\/\/www.rocseals.com\/tr\/wp-json\/wp\/v2\/types\/page"}],"author":[{"embeddable":true,"href":"https:\/\/www.rocseals.com\/tr\/wp-json\/wp\/v2\/users\/1"}],"replies":[{"embeddable":true,"href":"https:\/\/www.rocseals.com\/tr\/wp-json\/wp\/v2\/comments?post=17"}],"version-history":[{"count":299,"href":"https:\/\/www.rocseals.com\/tr\/wp-json\/wp\/v2\/pages\/17\/revisions"}],"predecessor-version":[{"id":3249,"href":"https:\/\/www.rocseals.com\/tr\/wp-json\/wp\/v2\/pages\/17\/revisions\/3249"}],"wp:attachment":[{"href":"https:\/\/www.rocseals.com\/tr\/wp-json\/wp\/v2\/media?parent=17"}],"curies":[{"name":"wp","href":"https:\/\/api.w.org\/{rel}","templated":true}]}}