{"id":22,"date":"2020-05-19T02:59:52","date_gmt":"2020-05-18T23:59:52","guid":{"rendered":"http:\/\/old4.commonsupport.com\/update\/indext\/?page_id=22"},"modified":"2023-10-31T15:30:14","modified_gmt":"2023-10-31T12:30:14","slug":"hakkimizda","status":"publish","type":"page","link":"https:\/\/www.rocseals.com\/tr\/hakkimizda\/","title":{"rendered":"Hakk\u0131m\u0131zda"},"content":{"rendered":"<div data-elementor-type=\"wp-page\" data-elementor-id=\"22\" class=\"elementor elementor-22\">\n\t\t\t\t\t\t\t\t\t<section class=\"elementor-section elementor-top-section elementor-element elementor-element-804151e elementor-section-stretched elementor-section-full_width elementor-section-height-default elementor-section-height-default\" data-id=\"804151e\" data-element_type=\"section\" data-settings=\"{&quot;stretch_section&quot;:&quot;section-stretched&quot;}\">\n\t\t\t\t\t\t<div class=\"elementor-container elementor-column-gap-no\">\n\t\t\t\t\t<div class=\"elementor-column elementor-col-100 elementor-top-column elementor-element elementor-element-1cce790\" data-id=\"1cce790\" data-element_type=\"column\">\n\t\t\t<div class=\"elementor-widget-wrap elementor-element-populated\">\n\t\t\t\t\t\t\t\t<div class=\"elementor-element elementor-element-909a221 elementor-widget elementor-widget-indext_page_banner\" data-id=\"909a221\" data-element_type=\"widget\" data-widget_type=\"indext_page_banner.default\">\n\t\t\t\t<div class=\"elementor-widget-container\">\n\t\t\t<section class=\"inner-banner\" style=\"background-image: url(http:\/\/www.rocseals.com\/wp-content\/uploads\/2023\/08\/rocseals-fabrika.jpg);\">\n\t<div class=\"container\">\n\t\t<h2 class=\"inner-banner__title\">Hakk\u0131m\u0131zda<\/h2><!-- \/.inner-banner__title -->\n\t\t<ul class=\"list-unstyled thm-breadcrumb\">\n\t\t\t<li><a href=\"\"><\/a><\/li>\n\t\t\t<li class=\"active\"><a href=\"#\"><\/a><\/li>\n\t\t<\/ul><!-- \/.thm-breadcrumb -->\n\t<\/div><!-- \/.container -->\n<\/section>\n\t\t\t\t<\/div>\n\t\t\t\t<\/div>\n\t\t\t\t\t<\/div>\n\t\t<\/div>\n\t\t\t\t\t\t\t<\/div>\n\t\t<\/section>\n\t\t\t\t<section class=\"elementor-section elementor-top-section elementor-element elementor-element-3829b587 elementor-section-full_width elementor-section-height-default elementor-section-height-default\" data-id=\"3829b587\" data-element_type=\"section\" data-settings=\"{&quot;background_background&quot;:&quot;classic&quot;}\">\n\t\t\t\t\t\t\t<div class=\"elementor-background-overlay\"><\/div>\n\t\t\t\t\t\t\t<div class=\"elementor-container elementor-column-gap-no\">\n\t\t\t\t\t<div class=\"elementor-column elementor-col-100 elementor-top-column elementor-element elementor-element-13880120\" data-id=\"13880120\" data-element_type=\"column\">\n\t\t\t<div class=\"elementor-widget-wrap elementor-element-populated\">\n\t\t\t\t\t\t\t\t<div class=\"elementor-element elementor-element-56e78ae elementor-widget elementor-widget-indext_services1\" data-id=\"56e78ae\" data-element_type=\"widget\" data-widget_type=\"indext_services1.default\">\n\t\t\t\t<div class=\"elementor-widget-container\">\n\t\t\t<section class=\"about-three\">\n\t<div class=\"container\">\n\t\t<div class=\"row\">\n\t\t\t<div class=\"col-xl-5 col-lg-12\">\n\t\t\t\t<div class=\"block-title\">\n\t\t\t\t\t<p class=\"block-title__tag-line\"><\/p><!-- \/.block-title__tag-line -->\n\t\t\t\t\t<h3 class=\"block-title__title\">S\u0131zd\u0131rmazl\u0131\u011f\u0131n Anahtar\u0131. Her Proje \u0130\u00e7in M\u00fckemmel Koruma ve Kalite!<br>\n\t\t\t\t\t\t<span class=\"block-title__bold\">Rocseals<\/span><\/h3><!-- \/.block-title__title -->\n\t\t\t\t<\/div><!-- \/.block-title -->\n\t\t\t<\/div><!-- \/.col-lg-5 -->\n\t\t\t\n\t\t\t\t\t\t\n\t\t\t<div class=\"col-xl-4 col-md-6\">\n\t\t\t\t<div class=\"about-one__feature\">\n\t\t\t\t\t<i class=\"about-one__feature-icon  indext-icon-mission-1-1\"><\/i>\n\t\t\t\t\t<!-- \/.about-one__feature-icon -->\n\t\t\t\t\t<h2 class=\"about-one__feature-title\"><a href=\"#\">Misyonumuz<\/a>\n\t\t\t\t\t<\/h2><!-- \/.about-one__feature-title -->\n\t\t\t\t\t<p class=\"about-one__feature-text\">\u00c7al\u0131\u015fanlar\u0131yla birlikte, m\u00fc\u015fterilerinin ve tedarik\u00e7ilerinin tatminini sa\u011flayarak sa\u011fl\u0131kl\u0131 geli\u015fmeyi, evrensel kalite ve standartlarda \u00fcr\u00fcn ve hizmetler sunmay\u0131 ama\u00e7lar\u0131z. En \u00f6nemli sermayemiz, insan g\u00fcc\u00fc, yarat\u0131c\u0131 zek\u00e2s\u0131 ve tecr\u00fcbesidir.<\/p>\n\t\t\t\t\t<!-- \/.about-one__feature-text -->\n\t\t\t\t<\/div><!-- \/.about-one__feature -->\n\t\t\t<\/div><!-- \/.col-xl-4 col-lg-6 -->\n\t\t\t\n\t\t\t\t\t\t\n\t\t\t<div class=\"col-xl-3 col-md-6\">\n\t\t\t\t<div class=\"about-one__feature\">\n\t\t\t\t\t<i class=\"about-one__feature-icon  indext-icon-vision-1-1\"><\/i>\n\t\t\t\t\t<!-- \/.about-one__feature-icon -->\n\t\t\t\t\t<h2 class=\"about-one__feature-title\"><a href=\"#\">Vizyonumuz<\/a>\n\t\t\t\t\t<\/h2><!-- \/.about-one__feature-title -->\n\t\t\t\t\t<p class=\"about-one__feature-text\">G\u00fcn\u00fcn \u00f6nde gelen teknolojileri ile m\u00fckemmel hizmet sunmak, m\u00fc\u015fteri ve tedarik\u00e7ileri ile uzun vadeli ortakl\u0131klar kurarak d\u00fcnya \u00e7ap\u0131nda pazarlama a\u011f\u0131 olu\u015fturmak.\n<\/p>\n\t\t\t\t\t<!-- \/.about-one__feature-text -->\n\t\t\t\t<\/div><!-- \/.about-one__feature -->\n\t\t\t<\/div><!-- \/.col-xl-4 col-lg-6 -->\n\t\t\t\n\t\t\t\t\t<\/div><!-- \/.row -->\n\t<\/div><!-- \/.container -->\n<\/section>\n\t\t\t\t<\/div>\n\t\t\t\t<\/div>\n\t\t\t\t\t<\/div>\n\t\t<\/div>\n\t\t\t\t\t\t\t<\/div>\n\t\t<\/section>\n\t\t\t\t<section class=\"elementor-section elementor-top-section elementor-element elementor-element-55c8749 elementor-section-stretched elementor-section-full_width elementor-section-height-default elementor-section-height-default\" data-id=\"55c8749\" data-element_type=\"section\" data-settings=\"{&quot;stretch_section&quot;:&quot;section-stretched&quot;}\">\n\t\t\t\t\t\t<div class=\"elementor-container elementor-column-gap-no\">\n\t\t\t\t\t<div class=\"elementor-column elementor-col-100 elementor-top-column elementor-element elementor-element-23ee0ecc\" data-id=\"23ee0ecc\" data-element_type=\"column\">\n\t\t\t<div class=\"elementor-widget-wrap elementor-element-populated\">\n\t\t\t\t\t\t\t\t<div class=\"elementor-element elementor-element-5e0d052e elementor-widget elementor-widget-indext_funfact2\" data-id=\"5e0d052e\" data-element_type=\"widget\" data-widget_type=\"indext_funfact2.default\">\n\t\t\t\t<div class=\"elementor-widget-container\">\n\t\t\t<section class=\"about-six\">\n            <div class=\"container\">\n                <div class=\"row\">\n                    <div class=\"col-lg-6\">\n                        <div class=\"about-six__image wow fadeInLeft\" data-wow-duration=\"1500ms\">\n                            <img decoding=\"async\" src=\"https:\/\/www.rocseals.com\/wp-content\/uploads\/2023\/10\/rocseals-about-us.jpg\" alt=\"\">\n                        <\/div><!-- \/.about-six__image -->\n                    <\/div><!-- \/.col-lg-6 -->\n                    <div class=\"col-lg-6 d-flex\">\n                        <div class=\"about-six__content my-auto\">\n                            <div class=\"block-title\">\n                                <p class=\"block-title__tag-line\">\u015eirketimiz Hakk\u0131nda<\/p><!-- \/.block-title__tag-line -->\n                                <h3 class=\"block-title__title\">ROCSEALS\n<br>\n                                    <span class=\"block-title__bold\">Siz \u0130\u00e7in Buraday\u0131z, G\u00fcvenilir ve Etkin \u00c7\u00f6z\u00fcm Orta\u011f\u0131n\u0131z<span class=\"block-title__base\"><\/span><!-- \/.block-title__base --><\/span>\n                                    <!-- \/.block-title__bold -->\n                                <\/h3><!-- \/.block-title__title -->\n                            <\/div><!-- \/.block-title -->\n                            <p class=\"about-six__text\">ROCSEALS, s\u0131zd\u0131rmazl\u0131k ve conta \u00fcretiminde 25 y\u0131l\u0131 a\u015fk\u0131n s\u00fcredir sekt\u00f6rde \u00f6nc\u00fc bir konumda bulunmaktad\u0131r. Deneyimli kadrosunun yan\u0131 s\u0131ra, yenilik\u00e7i teknolojisi ile m\u00fc\u015fterilere kaliteli ve uygun fiyatl\u0131 \u00e7\u00f6z\u00fcmler sunan firma, uluslararas\u0131 arenada da ad\u0131ndan s\u0131k\u00e7a s\u00f6z ettirmektedir. Her bir \u00fcr\u00fcn\u00fcyle m\u00fckemmeliyet\u00e7i bir yakla\u015f\u0131m sergileyen ROCSEALS, sekt\u00f6r\u00fcndeki yeniliklere \u00f6nc\u00fcl\u00fck ederken, global pazarda da \u00f6nemli bir oyuncu olma misyonunu s\u00fcrd\u00fcrmektedir. M\u00fc\u015fteri memnuniyetini her zaman \u00f6n planda tutan firma, gelece\u011fe y\u00f6nelik vizyonuyla sekt\u00f6rdeki liderli\u011fini peki\u015ftirmeye devam edecektir.                            <\/p><!-- \/.about-six__text -->\n                            <div class=\"about-six__fact-wrap\">\n                                \n\t\t\t\t\t\t\t\t\t\t\t\t\t\t\t\t\n\t\t\t\t\t\t\t\t<div class=\"about-six__fact-single\">\n                                    <p class=\"about-six__fact-title\">\u00c7al\u0131\u015fan<\/p><!-- \/.about-six__fact-title -->\n                                    <h3 class=\"about-six__fact-counter counter\">\n70<\/h3><!-- \/.about-six__fact-counter -->\n                                <\/div><!-- \/.about-six__fact-single -->\n                                \n\t\t\t\t\t\t\t\t\t\t\t\t\t\t\t\t\n\t\t\t\t\t\t\t\t<div class=\"about-six__fact-single\">\n                                    <p class=\"about-six__fact-title\">Kalite Sertifikas\u0131<\/p><!-- \/.about-six__fact-title -->\n                                    <h3 class=\"about-six__fact-counter counter\">\n\n7<\/h3><!-- \/.about-six__fact-counter -->\n                                <\/div><!-- \/.about-six__fact-single -->\n                                \n\t\t\t\t\t\t\t\t\t\t\t\t\t\t\t\t\n\t\t\t\t\t\t\t\t<div class=\"about-six__fact-single\">\n                                    <p class=\"about-six__fact-title\">\u0130hracat<\/p><!-- \/.about-six__fact-title -->\n                                    <h3 class=\"about-six__fact-counter counter\">\n15<\/h3><!-- \/.about-six__fact-counter -->\n                                <\/div><!-- \/.about-six__fact-single -->\n                                \n\t\t\t\t\t\t\t\t                            <\/div><!-- \/.about-six__fact-wrap -->\n                        <\/div><!-- \/.about-six__content -->\n                    <\/div><!-- \/.col-lg-6 -->\n                <\/div><!-- \/.row -->\n            <\/div><!-- \/.container -->\n        <\/section>\n\t\t\t\t<\/div>\n\t\t\t\t<\/div>\n\t\t\t\t\t<\/div>\n\t\t<\/div>\n\t\t\t\t\t\t\t<\/div>\n\t\t<\/section>\n\t\t\t\t\t\t\t<\/div>","protected":false},"excerpt":{"rendered":"<p>About Us The Key to Sealing. Perfect Protection and Quality for Every Project! Rocseals OUR MISSION We aim to provide healthy development, products and services with universal quality and standards by ensuring the satisfaction of our customers and suppliers, together with our employees. Our most important capital is manpower, creative intelligence and experience. OUR VISION [&hellip;]<\/p>","protected":false},"author":1,"featured_media":0,"parent":0,"menu_order":0,"comment_status":"closed","ping_status":"closed","template":"tpl-default-elementor.php","meta":{"footnotes":""},"_links":{"self":[{"href":"https:\/\/www.rocseals.com\/tr\/wp-json\/wp\/v2\/pages\/22"}],"collection":[{"href":"https:\/\/www.rocseals.com\/tr\/wp-json\/wp\/v2\/pages"}],"about":[{"href":"https:\/\/www.rocseals.com\/tr\/wp-json\/wp\/v2\/types\/page"}],"author":[{"embeddable":true,"href":"https:\/\/www.rocseals.com\/tr\/wp-json\/wp\/v2\/users\/1"}],"replies":[{"embeddable":true,"href":"https:\/\/www.rocseals.com\/tr\/wp-json\/wp\/v2\/comments?post=22"}],"version-history":[{"count":30,"href":"https:\/\/www.rocseals.com\/tr\/wp-json\/wp\/v2\/pages\/22\/revisions"}],"predecessor-version":[{"id":3185,"href":"https:\/\/www.rocseals.com\/tr\/wp-json\/wp\/v2\/pages\/22\/revisions\/3185"}],"wp:attachment":[{"href":"https:\/\/www.rocseals.com\/tr\/wp-json\/wp\/v2\/media?parent=22"}],"curies":[{"name":"wp","href":"https:\/\/api.w.org\/{rel}","templated":true}]}}