{"id":2409,"date":"2023-08-29T12:51:40","date_gmt":"2023-08-29T09:51:40","guid":{"rendered":"https:\/\/www.rocseals.com\/?page_id=2409"},"modified":"2023-09-26T14:29:04","modified_gmt":"2023-09-26T11:29:04","slug":"cephe-kaplama","status":"publish","type":"page","link":"https:\/\/www.rocseals.com\/tr\/cephe-kaplama\/","title":{"rendered":"Cephe Kaplama"},"content":{"rendered":"<div data-elementor-type=\"wp-page\" data-elementor-id=\"2409\" class=\"elementor elementor-2409\">\n\t\t\t\t\t\t\t\t\t<section class=\"elementor-section elementor-top-section elementor-element elementor-element-7cce3b8 elementor-section-boxed elementor-section-height-default elementor-section-height-default\" data-id=\"7cce3b8\" data-element_type=\"section\">\n\t\t\t\t\t\t<div class=\"elementor-container elementor-column-gap-no\">\n\t\t\t\t\t<div class=\"elementor-column elementor-col-33 elementor-top-column elementor-element elementor-element-1fe0b97\" data-id=\"1fe0b97\" data-element_type=\"column\">\n\t\t\t<div class=\"elementor-widget-wrap elementor-element-populated\">\n\t\t\t\t\t\t\t\t<div class=\"elementor-element elementor-element-85fb15c elementor-widget elementor-widget-indext_wi_catagory\" data-id=\"85fb15c\" data-element_type=\"widget\" data-widget_type=\"indext_wi_catagory.default\">\n\t\t\t\t<div class=\"elementor-widget-container\">\n\t\t\t\t\t\n\t\t<section class=\"one service-details\">\n\t\t\t<div class=\"container\">\n\t\t\t\t<div class=\"row\">\n\t\t\t\t\t<div class=\"col-lg-12\">\n\t\t\t\t\t\t<ul class=\"service-details__list list-unstyled\">\n\t\t\t\t\t\t\t\t\t\t\t\t\t\t\t\t\t\t\t\t\t<li>\n\t\t\t\t\t\t\t\t<a href=\"https:\/\/www.rocseals.com\/tr\/kapi-pencere\/\">Kap\u0131 &amp; Pencere<\/a>\n\t\t\t\t\t\t\t<\/li>\n\t\t\t\t\t\t\t\t\t\t\t\t\t\t\t\t\t\t\t\t\t\t\t\t\t\t\t\t<li>\n\t\t\t\t\t\t\t\t<a href=\"https:\/\/www.rocseals.com\/tr\/cephe-kaplama\/\">Cephe Kaplama<\/a>\n\t\t\t\t\t\t\t<\/li>\n\t\t\t\t\t\t\t\t\t\t\t\t\t\t\t\t\t\t\t\t\t\t\t\t\t\t\t\t<li>\n\t\t\t\t\t\t\t\t<a href=\"https:\/\/www.rocseals.com\/tr\/kis-bahcesi-tente\/\">K\u0131\u015f Bah\u00e7esi &amp; Tente<\/a>\n\t\t\t\t\t\t\t<\/li>\n\t\t\t\t\t\t\t\t\t\t\t\t\t\t\t\t\t\t\t\t\t\t\t\t\t\t\t\t<li>\n\t\t\t\t\t\t\t\t<a href=\"https:\/\/www.rocseals.com\/tr\/diger-uretimler\/\">Di\u011fer \u00dcretimler<\/a>\n\t\t\t\t\t\t\t<\/li>\n\t\t\t\t\t\t\t\t\t\t\t\t\t\t\t\t\t\t\t\t<\/ul><!-- \/.servicde-list -->\n\t\t\t\t\t<\/div><!-- \/.col-lg-4 -->\n\t\t\t\t<\/div><!-- \/.row -->\n\t\t\t<\/div><!-- \/.container -->\n\t\t<\/section>\n\n\t\t\t\t<\/div>\n\t\t\t\t<\/div>\n\t\t\t\t<div class=\"elementor-element elementor-element-cc407aa elementor-widget elementor-widget-indext_wi_about\" data-id=\"cc407aa\" data-element_type=\"widget\" data-widget_type=\"indext_wi_about.default\">\n\t\t\t\t<div class=\"elementor-widget-container\">\n\t\t\t<section class=\"two service-details\">\n\t<div class=\"container\">\n\t\t<div class=\"row\">\n\t\t\t<div class=\"col-lg-12\">\n\t\t\t\t<div class=\"service-details__broucher\">\n\t\t\t\t\t<h2 class=\"service-details__broucher-title\">Katalo\u011fu \u0130ndir<\/h2><!-- \/.service-details__broucher-title -->\n\t\t\t\t\t<p class=\"service-details__broucher-text\">\n<\/p><!-- \/.service-details__broucher-text -->\n\t\t\t\t\t<a target=\"_blank\" href=\"http:\/\/www.rocseals.com\/wp-content\/uploads\/2023\/09\/KATALOG-RESIMLERI.pdf\" class=\"thm-btn service-details__broucher-btn\">\u0130ndir <\/a><!-- \/.thm-btn -->\n\t\t\t\t<\/div><!-- \/.service-details__broucher -->\n\t\t\t<\/div><!-- \/.col-lg-4 -->\n\t\t<\/div><!-- \/.row -->\n\t<\/div><!-- \/.container -->\n<\/section>\n\t\t\t\t<\/div>\n\t\t\t\t<\/div>\n\t\t\t\t\t<\/div>\n\t\t<\/div>\n\t\t\t\t<div class=\"elementor-column elementor-col-66 elementor-top-column elementor-element elementor-element-1d869aa\" data-id=\"1d869aa\" data-element_type=\"column\">\n\t\t\t<div class=\"elementor-widget-wrap elementor-element-populated\">\n\t\t\t\t\t\t\t\t<div class=\"elementor-element elementor-element-1c72a99 elementor-widget elementor-widget-indext_services_details\" data-id=\"1c72a99\" data-element_type=\"widget\" data-widget_type=\"indext_services_details.default\">\n\t\t\t\t<div class=\"elementor-widget-container\">\n\t\t\t<section class=\"service-details\">\n            <div class=\"container\">\n                <div class=\"row\">\n                    <div class=\"col-lg-12\">\n                        <div class=\"service-details__content\">\n                            <h2 class=\"service-details__title\">Cephe Kaplama<\/h2><!-- \/.service-details__title -->\n                            <br>\n                            <p class=\"service-details__text\">ROCSEALS uzun y\u0131llara dayal\u0131 tecr\u00fcbesi sayesinde projelerinizde sizlere dan\u0131\u015fmanl\u0131k yaparak zorlu cephe sistem contalar\u0131n tasarlanmas\u0131, geli\u015ftirilmesi, do\u011fru malzeme se\u00e7imi, r\u00fczg\u00e2r y\u00fck\u00fc hesaplanmas\u0131, yang\u0131n dayan\u0131m\u0131 gibi bir\u00e7ok konuda uzman m\u00fchendisler ile projelerinize destek verir.\n<br>\nUzmanl\u0131k isteyen zorlu cephe conta geometrilerin ekstr\u00fcde edilmesi, test edilmesi, paketlenmesi, sevkiyat\u0131 gibi konularda uzmanla\u015fm\u0131\u015ft\u0131r.<\/p><!-- \/.service-details__text -->\n                            <br><br>\n                            <div class=\"service-details__image\">\n                                <div class=\"row low-gutters\">\n                                    <div class=\"col-md-12\">\n                                        <img decoding=\"async\" src=\"http:\/\/www.rocseals.com\/wp-content\/uploads\/2023\/09\/cephe1.webp\" alt=\"\" class=\"img-fluid\">\n                                    <\/div><!-- \/.col-md-12 -->\n                                    <div class=\"col-md-6\">\n                                        <img decoding=\"async\" src=\"http:\/\/www.rocseals.com\/wp-content\/uploads\/2023\/09\/cephe3.webp\" alt=\"\" class=\"img-fluid\">\n                                    <\/div><!-- \/.col-md-6 -->\n                                    <div class=\"col-md-6\">\n                                        <img decoding=\"async\" src=\"http:\/\/www.rocseals.com\/wp-content\/uploads\/2023\/09\/cephe2.webp\" alt=\"\" class=\"img-fluid\">\n                                    <\/div><!-- \/.col-md-6 -->\n                                <\/div><!-- \/.row -->\n                            <\/div><!-- \/.service-details__image -->\n                            <br><br>\n                            <p class=\"service-details__text\"><br><br>\nROCSEALS ile, projenizin her a\u015famas\u0131nda teknik zorluklar\u0131 ve sorunlar\u0131 a\u015fma g\u00fcvencesine sahip olursunuz. Biz sizin i\u00e7in sadece bir tedarik\u00e7i de\u011fil, ayn\u0131 zamanda g\u00fcvendi\u011finiz bir i\u015f orta\u011f\u0131y\u0131z.\n\n<\/p><!-- \/.service-details__text -->\n                    <\/div><!-- \/.col-lg-8 -->\n                <\/div><!-- \/.row -->\n            <\/div><!-- \/.container -->\n            <\/div><!-- \/.container -->\n        <\/section>\n\t\t\t\t<\/div>\n\t\t\t\t<\/div>\n\t\t\t\t<div class=\"elementor-element elementor-element-93b5e52 elementor-widget elementor-widget-indext_services_details2\" data-id=\"93b5e52\" data-element_type=\"widget\" data-widget_type=\"indext_services_details2.default\">\n\t\t\t\t<div class=\"elementor-widget-container\">\n\t\t\t\t\t<section class=\"service-details\">\n\t\t\t<div class=\"container\">\n\t\t\t\t<div class=\"row\">\n\t\t\t\t\t<div class=\"col-lg-12\">\n\t\t\t\t\t\t<div class=\"row low-gutters\">\n\t\t\t\t\t\t\t<div class=\"col-lg-6\">\n\t\t\t\t\t\t\t\t<h2 class=\"service-details__subtitle\">\u00dcRET\u0130M\u0130N\u0130 YAPTI\u011eIMIZ CONTALAR<\/h2>\n\t\t\t\t\t\t\t\t<br>\n\t\t\t\t\t\t\t\t<!-- \/.service-details__subtitle -->\n\t\t\t\t\t\t\t\t<p class=\"service-details__text\"><\/p><!-- \/.service-details__text -->\n\t\t\t\t\t\t\t\t<br>\n\t\t\t\t\t\t\t\t<ul class=\"service-details__feature-list list-unstyled\">\n\n\t\t\t\t\t\t\t\t\t\t\n\n\t\t\t\t\t\t\t\t\t<li><i class=\"indext-icon-check-1-2\"><\/i>TPE Contalar\u0131<\/li>\n\n\t\t\t\t\t\t\t\t\t\t\n\n\t\t\t\t\t\t\t\t\t<li><i class=\"indext-icon-check-1-2\"><\/i>PVC Contalar\u0131\n<\/li>\n\n\t\t\t\t\t\t\t\t\t\t\n\n\t\t\t\t\t\t\t\t\t<li><i class=\"indext-icon-check-1-2\"><\/i>EPDM Contalar\u0131 \n<\/li>\n\n\t\t\t\t\t\t\t\t\t\t\n\n\t\t\t\t\t\t\t\t\t<li><i class=\"indext-icon-check-1-2\"><\/i>Silikon Contalar\u0131<\/li>\n\n\t\t\t\t\t\t\t\t\t\t\t\t\t\t\t\t\t<\/ul><!-- \/.service-details__feature-list -->\n\t\t\t\t\t\t\t\t<br>\n\t\t\t\t\t\t\t<\/div><!-- \/.col-lg-6 -->\n\t\t\t\t\t\t\t<div class=\"col-lg-6\">\n\t\t\t\t\t\t\t\t<img decoding=\"async\" src=\"http:\/\/www.rocseals.com\/wp-content\/uploads\/2023\/09\/cephe-conta.webp\" alt=\"\">\n\t\t\t\t\t\t\t\t<br>\n\t\t\t\t\t\t\t<\/div><!-- \/.col-lg-6 -->\n\t\t\t\t\t\t<\/div><!-- \/.row -->\n\t\t\t\t\t<\/div><!-- \/.service-details__content -->\n\t\t\t\t\t<br>\n\t\t\t\t\t<p class=\"service-details__text\"><\/p><!-- \/.service-details__text -->\n\t\t\t\t\t<br><br>\n\t\t\t\t\t<a target=\"_blank\" href=\"https:\/\/www.rocseals.com\/tr\/kis-bahcesi-tente\/\" class=\"thm-btn service-details__btn\">K\u0131\u015f Bah\u00e7esi &amp; Tente<i class=\"fa fa-long-arrow-right\"><\/i>\n\t\t\t\t\t<!-- \/.fa --><\/a><!-- \/.thm-btn -->\n\t\t\t\t\t<\/div><!-- \/.col-lg-8 -->\n\t\t\t\t<\/div><!-- \/.row -->\n\t\t<\/section>\n\t\t\t\t<\/div>\n\t\t\t\t<\/div>\n\t\t\t\t\t<\/div>\n\t\t<\/div>\n\t\t\t\t\t\t\t<\/div>\n\t\t<\/section>\n\t\t\t\t\t\t\t<\/div>","protected":false},"excerpt":{"rendered":"<p>DOOR &amp; WINDOW GASKETS FACADE GASKETS WINTER GARDEN &amp; AWNING GASKETS OTHER SECTORS Download Catalogue Download FACADE GASKETS Thanks to its many years of experience, ROCSEALS provides support to your projects with expert engineers in many areas such as designing and developing difficult facade system gaskets, choosing the right material, calculating wind load, fire resistance [&hellip;]<\/p>","protected":false},"author":1,"featured_media":0,"parent":0,"menu_order":0,"comment_status":"closed","ping_status":"closed","template":"tpl-default-elementor.php","meta":{"footnotes":""},"_links":{"self":[{"href":"https:\/\/www.rocseals.com\/tr\/wp-json\/wp\/v2\/pages\/2409"}],"collection":[{"href":"https:\/\/www.rocseals.com\/tr\/wp-json\/wp\/v2\/pages"}],"about":[{"href":"https:\/\/www.rocseals.com\/tr\/wp-json\/wp\/v2\/types\/page"}],"author":[{"embeddable":true,"href":"https:\/\/www.rocseals.com\/tr\/wp-json\/wp\/v2\/users\/1"}],"replies":[{"embeddable":true,"href":"https:\/\/www.rocseals.com\/tr\/wp-json\/wp\/v2\/comments?post=2409"}],"version-history":[{"count":55,"href":"https:\/\/www.rocseals.com\/tr\/wp-json\/wp\/v2\/pages\/2409\/revisions"}],"predecessor-version":[{"id":3052,"href":"https:\/\/www.rocseals.com\/tr\/wp-json\/wp\/v2\/pages\/2409\/revisions\/3052"}],"wp:attachment":[{"href":"https:\/\/www.rocseals.com\/tr\/wp-json\/wp\/v2\/media?parent=2409"}],"curies":[{"name":"wp","href":"https:\/\/api.w.org\/{rel}","templated":true}]}}