{"id":2439,"date":"2023-08-29T13:04:46","date_gmt":"2023-08-29T10:04:46","guid":{"rendered":"https:\/\/www.rocseals.com\/?page_id=2439"},"modified":"2023-09-26T14:29:45","modified_gmt":"2023-09-26T11:29:45","slug":"diger-uretimler","status":"publish","type":"page","link":"https:\/\/www.rocseals.com\/tr\/diger-uretimler\/","title":{"rendered":"Di\u011fer \u00dcretimler"},"content":{"rendered":"<div data-elementor-type=\"wp-page\" data-elementor-id=\"2439\" class=\"elementor elementor-2439\">\n\t\t\t\t\t\t\t\t\t<section class=\"elementor-section elementor-top-section elementor-element elementor-element-7cce3b8 elementor-section-boxed elementor-section-height-default elementor-section-height-default\" data-id=\"7cce3b8\" data-element_type=\"section\">\n\t\t\t\t\t\t<div class=\"elementor-container elementor-column-gap-no\">\n\t\t\t\t\t<div class=\"elementor-column elementor-col-33 elementor-top-column elementor-element elementor-element-1fe0b97\" data-id=\"1fe0b97\" data-element_type=\"column\">\n\t\t\t<div class=\"elementor-widget-wrap elementor-element-populated\">\n\t\t\t\t\t\t\t\t<div class=\"elementor-element elementor-element-85fb15c elementor-widget elementor-widget-indext_wi_catagory\" data-id=\"85fb15c\" data-element_type=\"widget\" data-widget_type=\"indext_wi_catagory.default\">\n\t\t\t\t<div class=\"elementor-widget-container\">\n\t\t\t\t\t\n\t\t<section class=\"one service-details\">\n\t\t\t<div class=\"container\">\n\t\t\t\t<div class=\"row\">\n\t\t\t\t\t<div class=\"col-lg-12\">\n\t\t\t\t\t\t<ul class=\"service-details__list list-unstyled\">\n\t\t\t\t\t\t\t\t\t\t\t\t\t\t\t\t\t\t\t\t\t<li>\n\t\t\t\t\t\t\t\t<a href=\"https:\/\/www.rocseals.com\/tr\/kapi-pencere\/\">Kap\u0131 &amp; Pencere<\/a>\n\t\t\t\t\t\t\t<\/li>\n\t\t\t\t\t\t\t\t\t\t\t\t\t\t\t\t\t\t\t\t\t\t\t\t\t\t\t\t<li>\n\t\t\t\t\t\t\t\t<a href=\"https:\/\/www.rocseals.com\/tr\/cephe-kaplama\/\">Cephe Kaplama<\/a>\n\t\t\t\t\t\t\t<\/li>\n\t\t\t\t\t\t\t\t\t\t\t\t\t\t\t\t\t\t\t\t\t\t\t\t\t\t\t\t<li>\n\t\t\t\t\t\t\t\t<a href=\"https:\/\/www.rocseals.com\/tr\/kis-bahcesi-tente\/\">K\u0131\u015f Bah\u00e7esi &amp; Tente<\/a>\n\t\t\t\t\t\t\t<\/li>\n\t\t\t\t\t\t\t\t\t\t\t\t\t\t\t\t\t\t\t\t\t\t\t\t\t\t\t\t<li>\n\t\t\t\t\t\t\t\t<a href=\"https:\/\/www.rocseals.com\/tr\/diger-uretimler\/\">Di\u011fer \u00dcretimler<\/a>\n\t\t\t\t\t\t\t<\/li>\n\t\t\t\t\t\t\t\t\t\t\t\t\t\t\t\t\t\t\t\t<\/ul><!-- \/.servicde-list -->\n\t\t\t\t\t<\/div><!-- \/.col-lg-4 -->\n\t\t\t\t<\/div><!-- \/.row -->\n\t\t\t<\/div><!-- \/.container -->\n\t\t<\/section>\n\n\t\t\t\t<\/div>\n\t\t\t\t<\/div>\n\t\t\t\t<div class=\"elementor-element elementor-element-cc407aa elementor-widget elementor-widget-indext_wi_about\" data-id=\"cc407aa\" data-element_type=\"widget\" data-widget_type=\"indext_wi_about.default\">\n\t\t\t\t<div class=\"elementor-widget-container\">\n\t\t\t<section class=\"two service-details\">\n\t<div class=\"container\">\n\t\t<div class=\"row\">\n\t\t\t<div class=\"col-lg-12\">\n\t\t\t\t<div class=\"service-details__broucher\">\n\t\t\t\t\t<h2 class=\"service-details__broucher-title\">Katalo\u011fu \u0130ndir<\/h2><!-- \/.service-details__broucher-title -->\n\t\t\t\t\t<p class=\"service-details__broucher-text\">\n<\/p><!-- \/.service-details__broucher-text -->\n\t\t\t\t\t<a target=\"_blank\" href=\"http:\/\/www.rocseals.com\/wp-content\/uploads\/2023\/09\/KATALOG-RESIMLERI.pdf\" class=\"thm-btn service-details__broucher-btn\">\u0130ndir <\/a><!-- \/.thm-btn -->\n\t\t\t\t<\/div><!-- \/.service-details__broucher -->\n\t\t\t<\/div><!-- \/.col-lg-4 -->\n\t\t<\/div><!-- \/.row -->\n\t<\/div><!-- \/.container -->\n<\/section>\n\t\t\t\t<\/div>\n\t\t\t\t<\/div>\n\t\t\t\t\t<\/div>\n\t\t<\/div>\n\t\t\t\t<div class=\"elementor-column elementor-col-66 elementor-top-column elementor-element elementor-element-1d869aa\" data-id=\"1d869aa\" data-element_type=\"column\">\n\t\t\t<div class=\"elementor-widget-wrap elementor-element-populated\">\n\t\t\t\t\t\t\t\t<div class=\"elementor-element elementor-element-1c72a99 elementor-widget elementor-widget-indext_services_details\" data-id=\"1c72a99\" data-element_type=\"widget\" data-widget_type=\"indext_services_details.default\">\n\t\t\t\t<div class=\"elementor-widget-container\">\n\t\t\t<section class=\"service-details\">\n            <div class=\"container\">\n                <div class=\"row\">\n                    <div class=\"col-lg-12\">\n                        <div class=\"service-details__content\">\n                            <h2 class=\"service-details__title\">Di\u011fer Sekt\u00f6rler \u0130\u00e7in Contalar<\/h2><!-- \/.service-details__title -->\n                            <br>\n                            <p class=\"service-details__text\">ROCSEALS, geni\u015f bilgi birikimi ve deneyimiyle birden fazla sekt\u00f6re kaliteli hizmet sunmaktad\u0131r. Farkl\u0131 end\u00fcstri alanlar\u0131n\u0131n benzersiz ihtiya\u00e7lar\u0131n\u0131 derinlemesine anlayarak, her sekt\u00f6r i\u00e7in m\u00fckemmel \u00e7\u00f6z\u00fcmler geli\u015ftirmekteyiz. Bizimle, sekt\u00f6r\u00fcn\u00fcz ne olursa olsun, conta uzmanl\u0131\u011f\u0131nda \u00fcst\u00fcn bir deneyim ya\u015fayacaks\u0131n\u0131z.<\/p><!-- \/.service-details__text -->\n                            <br><br>\n                            <div class=\"service-details__image\">\n                                <div class=\"row low-gutters\">\n                                    <div class=\"col-md-12\">\n                                        <img decoding=\"async\" src=\"http:\/\/www.rocseals.com\/wp-content\/uploads\/2023\/09\/gunes-enerji-conta.webp\" alt=\"\" class=\"img-fluid\">\n                                    <\/div><!-- \/.col-md-12 -->\n                                    <div class=\"col-md-6\">\n                                        <img decoding=\"async\" src=\"http:\/\/www.rocseals.com\/wp-content\/uploads\/2023\/09\/beyaz-esya.webp\" alt=\"\" class=\"img-fluid\">\n                                    <\/div><!-- \/.col-md-6 -->\n                                    <div class=\"col-md-6\">\n                                        <img decoding=\"async\" src=\"http:\/\/www.rocseals.com\/wp-content\/uploads\/2023\/09\/araba-conta.webp\" alt=\"\" class=\"img-fluid\">\n                                    <\/div><!-- \/.col-md-6 -->\n                                <\/div><!-- \/.row -->\n                            <\/div><!-- \/.service-details__image -->\n                            <br><br>\n                            <p class=\"service-details__text\"><br><br>\n<b>OTOMOT\u0130V SEKT\u00d6R\u00dc<\/b> <br>\nHer ge\u00e7en g\u00fcn TPE malzemelerin performans\u0131 geli\u015ftirilerek otomotiv sekt\u00f6r\u00fcnde avantajlar\u0131 sebebiyle statik contalarda ilk tercih edilen malzemeler aras\u0131nda yerini alm\u0131\u015ft\u0131r. Su tahliye hortumlar\u0131, kablo toplama, k\u00f6\u015fe koruma gibi \u00fcr\u00fcnler b\u00fcnyemizde rahatl\u0131kla \u00fcretilebilmektedir.\n<br><br>\n<b>BEYAZ E\u015eYA SEKT\u00d6R\u00dc<\/b> <br>\nTPE \u00fcr\u00fcnleri geni\u015f renk yelpazesi g\u0131da uyumu sayesinde k\u00fc\u00e7\u00fck ev aletlerinden b\u00fcy\u00fck ev aletlerine ya\u015fant\u0131m\u0131z\u0131n her alan\u0131nda yerini alm\u0131\u015ft\u0131r. B\u00fcnyemizde elektrikli s\u00fcp\u00fcrge s\u0131zd\u0131rmazl\u0131klar\u0131, toz lastikleri gibi kritik par\u00e7alar sorunsuz \u00fcretilebilmektedir. FDA, g\u0131da uyumu gerektiren durumlarda onayl\u0131 malzemelerimiz i\u00e7in irtibata ge\u00e7iniz.\n<br><br>\n<b>G\u00dcNE\u015e ENERJ\u0130S\u0130 SEKT\u00d6R\u00dc <\/b><br>\nGeli\u015fen bir pazar olan g\u00fcne\u015f enerji sekt\u00f6r\u00fcnde EPDM, TPE, PVC, S\u0130L\u0130KON uygulamalar\u0131 yayg\u0131n olarak panel \u00e7er\u00e7evelerinde ve ba\u011flant\u0131 par\u00e7alar\u0131 olarak yerini alm\u0131\u015ft\u0131r. Sistemlere y\u00f6nelik conta \u00f6nerilerimiz i\u00e7in bizimle irtibata ge\u00e7ebilirsiniz.<\/p><!-- \/.service-details__text -->\n                    <\/div><!-- \/.col-lg-8 -->\n                <\/div><!-- \/.row -->\n            <\/div><!-- \/.container -->\n            <\/div><!-- \/.container -->\n        <\/section>\n\t\t\t\t<\/div>\n\t\t\t\t<\/div>\n\t\t\t\t<div class=\"elementor-element elementor-element-93b5e52 elementor-widget elementor-widget-indext_services_details2\" data-id=\"93b5e52\" data-element_type=\"widget\" data-widget_type=\"indext_services_details2.default\">\n\t\t\t\t<div class=\"elementor-widget-container\">\n\t\t\t\t\t<section class=\"service-details\">\n\t\t\t<div class=\"container\">\n\t\t\t\t<div class=\"row\">\n\t\t\t\t\t<div class=\"col-lg-12\">\n\t\t\t\t\t\t<div class=\"row low-gutters\">\n\t\t\t\t\t\t\t<div class=\"col-lg-6\">\n\t\t\t\t\t\t\t\t<h2 class=\"service-details__subtitle\">\u00dcRET\u0130M\u0130N\u0130 YAPTI\u011eIMIZ CONTALAR<\/h2>\n\t\t\t\t\t\t\t\t<br>\n\t\t\t\t\t\t\t\t<!-- \/.service-details__subtitle -->\n\t\t\t\t\t\t\t\t<p class=\"service-details__text\"><\/p><!-- \/.service-details__text -->\n\t\t\t\t\t\t\t\t<br>\n\t\t\t\t\t\t\t\t<ul class=\"service-details__feature-list list-unstyled\">\n\n\t\t\t\t\t\t\t\t\t\t\n\n\t\t\t\t\t\t\t\t\t<li><i class=\"indext-icon-check-1-2\"><\/i>TPE Contalar\u0131<\/li>\n\n\t\t\t\t\t\t\t\t\t\t\n\n\t\t\t\t\t\t\t\t\t<li><i class=\"indext-icon-check-1-2\"><\/i>PVC Contalar\u0131\n<\/li>\n\n\t\t\t\t\t\t\t\t\t\t\n\n\t\t\t\t\t\t\t\t\t<li><i class=\"indext-icon-check-1-2\"><\/i>EPDM Contalar\u0131\n<\/li>\n\n\t\t\t\t\t\t\t\t\t\t\n\n\t\t\t\t\t\t\t\t\t<li><i class=\"indext-icon-check-1-2\"><\/i>Silikon Contalar\u0131<\/li>\n\n\t\t\t\t\t\t\t\t\t\t\t\t\t\t\t\t\t<\/ul><!-- \/.service-details__feature-list -->\n\t\t\t\t\t\t\t\t<br>\n\t\t\t\t\t\t\t<\/div><!-- \/.col-lg-6 -->\n\t\t\t\t\t\t\t<div class=\"col-lg-6\">\n\t\t\t\t\t\t\t\t<img decoding=\"async\" src=\"\" alt=\"\">\n\t\t\t\t\t\t\t\t<br>\n\t\t\t\t\t\t\t<\/div><!-- \/.col-lg-6 -->\n\t\t\t\t\t\t<\/div><!-- \/.row -->\n\t\t\t\t\t<\/div><!-- \/.service-details__content -->\n\t\t\t\t\t<br>\n\t\t\t\t\t<p class=\"service-details__text\"><\/p><!-- \/.service-details__text -->\n\t\t\t\t\t<br><br>\n\t\t\t\t\t<a target=\"_blank\" href=\"https:\/\/www.rocseals.com\/tr\/kapi-pencere\/\" class=\"thm-btn service-details__btn\">Kap\u0131 &amp; Pencere<i class=\"fa fa-long-arrow-right\"><\/i>\n\t\t\t\t\t<!-- \/.fa --><\/a><!-- \/.thm-btn -->\n\t\t\t\t\t<\/div><!-- \/.col-lg-8 -->\n\t\t\t\t<\/div><!-- \/.row -->\n\t\t<\/section>\n\t\t\t\t<\/div>\n\t\t\t\t<\/div>\n\t\t\t\t\t<\/div>\n\t\t<\/div>\n\t\t\t\t\t\t\t<\/div>\n\t\t<\/section>\n\t\t\t\t\t\t\t<\/div>","protected":false},"excerpt":{"rendered":"<p>DOOR &amp; WINDOW GASKETS FACADE GASKETS WINTER GARDEN &amp; AWNING GASKETS OTHER SECTORS Download Catalogue Download Gaskets For Other Sectors ROCSEALS, with its extensive knowledge and experience, provides quality service to multiple sectors. By deeply understanding the unique needs of different industrial fields, we develop perfect solutions for each sector. With us, no matter what [&hellip;]<\/p>","protected":false},"author":1,"featured_media":0,"parent":0,"menu_order":0,"comment_status":"closed","ping_status":"closed","template":"tpl-default-elementor.php","meta":{"footnotes":""},"_links":{"self":[{"href":"https:\/\/www.rocseals.com\/tr\/wp-json\/wp\/v2\/pages\/2439"}],"collection":[{"href":"https:\/\/www.rocseals.com\/tr\/wp-json\/wp\/v2\/pages"}],"about":[{"href":"https:\/\/www.rocseals.com\/tr\/wp-json\/wp\/v2\/types\/page"}],"author":[{"embeddable":true,"href":"https:\/\/www.rocseals.com\/tr\/wp-json\/wp\/v2\/users\/1"}],"replies":[{"embeddable":true,"href":"https:\/\/www.rocseals.com\/tr\/wp-json\/wp\/v2\/comments?post=2439"}],"version-history":[{"count":51,"href":"https:\/\/www.rocseals.com\/tr\/wp-json\/wp\/v2\/pages\/2439\/revisions"}],"predecessor-version":[{"id":3058,"href":"https:\/\/www.rocseals.com\/tr\/wp-json\/wp\/v2\/pages\/2439\/revisions\/3058"}],"wp:attachment":[{"href":"https:\/\/www.rocseals.com\/tr\/wp-json\/wp\/v2\/media?parent=2439"}],"curies":[{"name":"wp","href":"https:\/\/api.w.org\/{rel}","templated":true}]}}