{"id":707,"date":"2021-01-14T03:19:34","date_gmt":"2021-01-14T00:19:34","guid":{"rendered":"http:\/\/old4.commonsupport.com\/update\/indext\/?page_id=707"},"modified":"2024-04-15T12:38:27","modified_gmt":"2024-04-15T09:38:27","slug":"kalite","status":"publish","type":"page","link":"https:\/\/www.rocseals.com\/tr\/kalite\/","title":{"rendered":"Kalite"},"content":{"rendered":"<div data-elementor-type=\"wp-page\" data-elementor-id=\"707\" class=\"elementor elementor-707\">\n\t\t\t\t\t\t\t\t\t<section class=\"elementor-section elementor-top-section elementor-element elementor-element-8eb5e37 elementor-section-stretched elementor-section-full_width elementor-section-height-default elementor-section-height-default\" data-id=\"8eb5e37\" data-element_type=\"section\" data-settings=\"{&quot;stretch_section&quot;:&quot;section-stretched&quot;}\">\n\t\t\t\t\t\t<div class=\"elementor-container elementor-column-gap-no\">\n\t\t\t\t\t<div class=\"elementor-column elementor-col-100 elementor-top-column elementor-element elementor-element-1d6a7c3\" data-id=\"1d6a7c3\" data-element_type=\"column\">\n\t\t\t<div class=\"elementor-widget-wrap elementor-element-populated\">\n\t\t\t\t\t\t\t\t<div class=\"elementor-element elementor-element-a61b0a6 elementor-widget elementor-widget-indext_services\" data-id=\"a61b0a6\" data-element_type=\"widget\" data-widget_type=\"indext_services.default\">\n\t\t\t\t<div class=\"elementor-widget-container\">\n\t\t\t<section class=\"service-one\">\n            <img decoding=\"async\" src=\"\" class=\"service-one__cog\" alt=\"\">\n            <img decoding=\"async\" src=\"http:\/\/www.rocseals.com\/wp-content\/uploads\/2023\/08\/conta-hammaddeee.webp\" class=\"service-one__moc\" alt=\"\">\n            <div class=\"container\">\n                <div class=\"row\">\n                    <div class=\"col-lg-4\">\n                        <div class=\"service-one__title-block\">\n                            <div class=\"block-title\">\n                                <p class=\"block-title__tag-line\"><\/p><!-- \/.block-title__tag-line -->\n                                <h3 class=\"block-title__title\"><br>\n                                    <span class=\"block-title__bold\">ROCSEALS<\/span><\/h3><!-- \/.block-title__title -->\n                                <p class=\"block-title__text\"><b>Kalitede S\u0131n\u0131r Tan\u0131mayan Se\u00e7iminiz<\/b><\/p><!-- \/.block-title__text -->\n                            <\/div><!-- \/.block-title -->\n                            \n\t\t\t\t\t\t\t<a href=\"https:\/\/www.rocseals.com\/tr\/quality-certificatesquality\/\" class=\"thm-btn service-one__btn\">KAL\u0130TE BELGES\u0130 \u0130\u00c7\u0130N TIKLAYIN <i class=\"fa fa-long-arrow-right\"><\/i>\n                                <!-- \/.fa fa-long-arrow-right --><\/a><!-- \/.thm-btn -->\n                        <\/div><!-- \/.service-one__title-block -->\n                    <\/div><!-- \/.col-lg-4 -->\n                    <div class=\"col-lg-8\">\n                        <div class=\"service-one__content\">\n                            \n\t\t\t\t\t\t\t\t\t\t\t\t\t\t\n\t\t\t\t\t\t\t<div class=\"service-one__single\">\n                                <div class=\"service-one__single-inner\">\n                                    <i class=\"fas fa-calendar-alt\"><\/i><!-- \/.indext-icon-service-1-1 -->\n                                    <h2 class=\"service-one__title\"><a href=\"#\">GARANT\u0130<\/a><\/h2>\n                                    <!-- \/.service-one__title -->\n                                    <p class=\"service-one__text\">ROCSEALS, \u00f6nde gelen standartlara uygun kalite sertifikalar\u0131yla kesintisiz ve m\u00fckemmel \u00fcretim sunar.<\/p><!-- \/.service-one__text -->\n                                <\/div><!-- \/.service-one__single-inner -->\n                            <\/div><!-- \/.service-one__single -->\n                            \n\t\t\t\t\t\t\t\t\t\t\t\t\t\t\n\t\t\t\t\t\t\t<div class=\"service-one__single\">\n                                <div class=\"service-one__single-inner\">\n                                    <i class=\"fas fa-business-time\"><\/i><!-- \/.indext-icon-service-1-1 -->\n                                    <h2 class=\"service-one__title\"><a href=\"#\">KAL\u0130TE KONTROL<\/a><\/h2>\n                                    <!-- \/.service-one__title -->\n                                    <p class=\"service-one__text\">ROCSEALS, her \u00fcretim a\u015famas\u0131nda kaliteyi garantiler; laboratuvar onay\u0131 olmadan conta \u00fcretimine ge\u00e7mez.<\/p><!-- \/.service-one__text -->\n                                <\/div><!-- \/.service-one__single-inner -->\n                            <\/div><!-- \/.service-one__single -->\n                            \n\t\t\t\t\t\t\t\t\t\t\t\t\t\t\n\t\t\t\t\t\t\t<div class=\"service-one__single\">\n                                <div class=\"service-one__single-inner\">\n                                    <i class=\"fab fa-product-hunt\"><\/i><!-- \/.indext-icon-service-1-1 -->\n                                    <h2 class=\"service-one__title\"><a href=\"#\">\u00dcRET\u0130M PROSES\u0130<\/a><\/h2>\n                                    <!-- \/.service-one__title -->\n                                    <p class=\"service-one__text\">Kusursuz \u00fcr\u00fcnler, hassas \u00fcretim kontrol\u00fcyle elde edilir. Elastomer ve kau\u00e7uk \u00fcretiminde hammadde kalitesi ile zamanlama ve s\u0131cakl\u0131k kritiktir.<\/p><!-- \/.service-one__text -->\n                                <\/div><!-- \/.service-one__single-inner -->\n                            <\/div><!-- \/.service-one__single -->\n                            \n\t\t\t\t\t\t\t\t\t\t\t\t\t\t\n\t\t\t\t\t\t\t<div class=\"service-one__single\">\n                                <div class=\"service-one__single-inner\">\n                                    <i class=\"fas fa-shopping-cart\"><\/i><!-- \/.indext-icon-service-1-1 -->\n                                    <h2 class=\"service-one__title\"><a href=\"#\">TEKNOLOJ\u0130<\/a><\/h2>\n                                    <!-- \/.service-one__title -->\n                                    <p class=\"service-one__text\">ROCSEALS, kalite standartlar\u0131n\u0131 koruyarak ve y\u00fckselterek \u00fcretim proseslerini s\u00fcrekli yeniler ve en son teknolojik geli\u015fmeleri dikkatlice takip eder.<\/p><!-- \/.service-one__text -->\n                                <\/div><!-- \/.service-one__single-inner -->\n                            <\/div><!-- \/.service-one__single -->\n                            \n\t\t\t\t\t\t\t                        <\/div><!-- \/.service-one__content -->\n                    <\/div><!-- \/.col-lg-8 -->\n                <\/div><!-- \/.row -->\n            <\/div><!-- \/.container -->\n        <\/section><!-- \/.service-one -->\n\t\t\t\t<\/div>\n\t\t\t\t<\/div>\n\t\t\t\t\t<\/div>\n\t\t<\/div>\n\t\t\t\t\t\t\t<\/div>\n\t\t<\/section>\n\t\t\t\t\t\t\t<\/div>","protected":false},"excerpt":{"rendered":"<p>ROCSEALS Your Boundless Choice in Quality Click for Quality Certificate GUARANTEE ROCSEALS offers uninterrupted and perfect production with quality certifications in accordance with leading standards. QUALITY CONTROL ROCSEALS guarantees quality at every stage of production; it does not proceed to gasket production without laboratory approval. PRODUCTION PROCESS Flawless products are obtained with precise production control. [&hellip;]<\/p>","protected":false},"author":1,"featured_media":0,"parent":0,"menu_order":0,"comment_status":"closed","ping_status":"closed","template":"tpl-default-elementor.php","meta":{"footnotes":""},"_links":{"self":[{"href":"https:\/\/www.rocseals.com\/tr\/wp-json\/wp\/v2\/pages\/707"}],"collection":[{"href":"https:\/\/www.rocseals.com\/tr\/wp-json\/wp\/v2\/pages"}],"about":[{"href":"https:\/\/www.rocseals.com\/tr\/wp-json\/wp\/v2\/types\/page"}],"author":[{"embeddable":true,"href":"https:\/\/www.rocseals.com\/tr\/wp-json\/wp\/v2\/users\/1"}],"replies":[{"embeddable":true,"href":"https:\/\/www.rocseals.com\/tr\/wp-json\/wp\/v2\/comments?post=707"}],"version-history":[{"count":35,"href":"https:\/\/www.rocseals.com\/tr\/wp-json\/wp\/v2\/pages\/707\/revisions"}],"predecessor-version":[{"id":3229,"href":"https:\/\/www.rocseals.com\/tr\/wp-json\/wp\/v2\/pages\/707\/revisions\/3229"}],"wp:attachment":[{"href":"https:\/\/www.rocseals.com\/tr\/wp-json\/wp\/v2\/media?parent=707"}],"curies":[{"name":"wp","href":"https:\/\/api.w.org\/{rel}","templated":true}]}}