{"id":765,"date":"2021-01-14T04:37:24","date_gmt":"2021-01-14T01:37:24","guid":{"rendered":"http:\/\/old4.commonsupport.com\/update\/indext\/?page_id=765"},"modified":"2023-10-31T15:36:36","modified_gmt":"2023-10-31T12:36:36","slug":"uretim","status":"publish","type":"page","link":"https:\/\/www.rocseals.com\/tr\/uretim\/","title":{"rendered":"\u00dcretim"},"content":{"rendered":"<div data-elementor-type=\"wp-page\" data-elementor-id=\"765\" class=\"elementor elementor-765\">\n\t\t\t\t\t\t\t\t\t<section class=\"elementor-section elementor-top-section elementor-element elementor-element-131c8b7 elementor-section-boxed elementor-section-height-default elementor-section-height-default\" data-id=\"131c8b7\" data-element_type=\"section\">\n\t\t\t\t\t\t<div class=\"elementor-container elementor-column-gap-default\">\n\t\t\t\t\t<div class=\"elementor-column elementor-col-100 elementor-top-column elementor-element elementor-element-fd5d36f\" data-id=\"fd5d36f\" data-element_type=\"column\">\n\t\t\t<div class=\"elementor-widget-wrap elementor-element-populated\">\n\t\t\t\t\t\t\t\t<div class=\"elementor-element elementor-element-6a698ad elementor-widget elementor-widget-text-editor\" data-id=\"6a698ad\" data-element_type=\"widget\" data-widget_type=\"text-editor.default\">\n\t\t\t\t<div class=\"elementor-widget-container\">\n\t\t\t<style>\/*! elementor - v3.16.0 - 09-10-2023 *\/\n.elementor-widget-text-editor.elementor-drop-cap-view-stacked .elementor-drop-cap{background-color:#69727d;color:#fff}.elementor-widget-text-editor.elementor-drop-cap-view-framed .elementor-drop-cap{color:#69727d;border:3px solid;background-color:transparent}.elementor-widget-text-editor:not(.elementor-drop-cap-view-default) .elementor-drop-cap{margin-top:8px}.elementor-widget-text-editor:not(.elementor-drop-cap-view-default) .elementor-drop-cap-letter{width:1em;height:1em}.elementor-widget-text-editor .elementor-drop-cap{float:left;text-align:center;line-height:1;font-size:50px}.elementor-widget-text-editor .elementor-drop-cap-letter{display:inline-block}<\/style>\t\t\t\t<div class=\"heading-bg\" style=\"outline: none; margin-bottom: 20px; color: #828282; font-family: Raleway, sans-serif; font-size: 14px; text-align: center;\"><p><span style=\"color: #ff0000;\">\u00c7e\u015fitlilikte S\u0131n\u0131r Tan\u0131mayan Kalite<\/span><\/p><h2 style=\"outline: none; font-family: Montserrat, sans-serif; font-weight: bold; line-height: 1; color: #2f2f2f; margin-right: 0px; margin-bottom: 0px; margin-left: 0px; font-size: 35px; text-transform: uppercase; padding-bottom: 19px; z-index: 3; position: relative;\"><span style=\"color: #ff0000;\"><span style=\"color: #db0000;\">ROC<\/span><span style=\"color: #808080;\">SEALS<\/span><\/span><\/h2><\/div><p style=\"text-align: left;\">Kau\u00e7uk ve elastomerlerin kullan\u0131m alanlar\u0131na ve \u00f6zelliklerine ba\u011fl\u0131 olarak sundu\u011fu \u00e7e\u015fitlilik, s\u00fcrekli bir inovasyon ve \u00fcretim bilgisi gerektiriyor. ROCSEALS, bu alandaki en son \u00fcretim yeniliklerini yak\u0131ndan izleyerek, \u00fcr\u00fcn yelpazesini m\u00fc\u015fterilerinin ihtiya\u00e7lar\u0131na g\u00f6re \u015fekillendiriyor. Bu sayede m\u00fc\u015fterilere k\u0131sa s\u00fcrede istedikleri \u00e7\u00f6z\u00fcm\u00fc sunuyor. Firman\u0131n donan\u0131ml\u0131 \u00fcretim park\u0131; ekstr\u00fczyon, kompresyon ve enjeksiyon pres makinelerini kaps\u0131yor. Bu makinelerde, silikon da dahil olmak \u00fczere \u00e7e\u015fitli kau\u00e7uk ve elastomer t\u00fcrleri kullan\u0131larak y\u00fcksek kalitede s\u0131zd\u0131rmazl\u0131k, yal\u0131t\u0131m elemanlar\u0131 ve contalar \u00fcretiliyor. Ayr\u0131ca, m\u00fc\u015fteri talebine g\u00f6re ipli ya da ipsiz \u00fcr\u00fcn se\u00e7enekleri de mevcut.<\/p>\t\t\t\t\t\t<\/div>\n\t\t\t\t<\/div>\n\t\t\t\t\t<\/div>\n\t\t<\/div>\n\t\t\t\t\t\t\t<\/div>\n\t\t<\/section>\n\t\t\t\t<section class=\"elementor-section elementor-top-section elementor-element elementor-element-4142e9a elementor-section-boxed elementor-section-height-default elementor-section-height-default\" data-id=\"4142e9a\" data-element_type=\"section\">\n\t\t\t\t\t\t<div class=\"elementor-container elementor-column-gap-default\">\n\t\t\t\t\t<div class=\"elementor-column elementor-col-33 elementor-top-column elementor-element elementor-element-881c47e\" data-id=\"881c47e\" data-element_type=\"column\">\n\t\t\t<div class=\"elementor-widget-wrap elementor-element-populated\">\n\t\t\t\t\t\t\t\t<div class=\"elementor-element elementor-element-596c083 elementor-widget elementor-widget-image\" data-id=\"596c083\" data-element_type=\"widget\" data-widget_type=\"image.default\">\n\t\t\t\t<div class=\"elementor-widget-container\">\n\t\t\t<style>\/*! elementor - v3.16.0 - 09-10-2023 *\/\n.elementor-widget-image{text-align:center}.elementor-widget-image a{display:inline-block}.elementor-widget-image a img[src$=\".svg\"]{width:48px}.elementor-widget-image img{vertical-align:middle;display:inline-block}<\/style>\t\t\t\t\t\t\t\t\t\t\t\t<img decoding=\"async\" loading=\"lazy\" width=\"525\" height=\"350\" src=\"https:\/\/www.rocseals.com\/wp-content\/uploads\/2023\/08\/kalite-1024x683.webp\" class=\"attachment-large size-large wp-image-2510\" alt=\"\" srcset=\"https:\/\/www.rocseals.com\/wp-content\/uploads\/2023\/08\/kalite-1024x683.webp 1024w, https:\/\/www.rocseals.com\/wp-content\/uploads\/2023\/08\/kalite-300x200.webp 300w, https:\/\/www.rocseals.com\/wp-content\/uploads\/2023\/08\/kalite-768x512.webp 768w, https:\/\/www.rocseals.com\/wp-content\/uploads\/2023\/08\/kalite-1536x1025.webp 1536w, https:\/\/www.rocseals.com\/wp-content\/uploads\/2023\/08\/kalite.webp 1920w\" sizes=\"(max-width: 525px) 100vw, 525px\" \/>\t\t\t\t\t\t\t\t\t\t\t\t\t\t\t<\/div>\n\t\t\t\t<\/div>\n\t\t\t\t\t<\/div>\n\t\t<\/div>\n\t\t\t\t<div class=\"elementor-column elementor-col-33 elementor-top-column elementor-element elementor-element-9f255de\" data-id=\"9f255de\" data-element_type=\"column\">\n\t\t\t<div class=\"elementor-widget-wrap elementor-element-populated\">\n\t\t\t\t\t\t\t\t<div class=\"elementor-element elementor-element-33fcfcb elementor-widget elementor-widget-image\" data-id=\"33fcfcb\" data-element_type=\"widget\" data-widget_type=\"image.default\">\n\t\t\t\t<div class=\"elementor-widget-container\">\n\t\t\t\t\t\t\t\t\t\t\t\t\t\t\t<img decoding=\"async\" loading=\"lazy\" width=\"525\" height=\"350\" src=\"https:\/\/www.rocseals.com\/wp-content\/uploads\/2023\/08\/kalite_foto-1024x683.webp\" class=\"attachment-large size-large wp-image-2509\" alt=\"\" srcset=\"https:\/\/www.rocseals.com\/wp-content\/uploads\/2023\/08\/kalite_foto-1024x683.webp 1024w, https:\/\/www.rocseals.com\/wp-content\/uploads\/2023\/08\/kalite_foto-300x200.webp 300w, https:\/\/www.rocseals.com\/wp-content\/uploads\/2023\/08\/kalite_foto-768x512.webp 768w, https:\/\/www.rocseals.com\/wp-content\/uploads\/2023\/08\/kalite_foto-1536x1025.webp 1536w, https:\/\/www.rocseals.com\/wp-content\/uploads\/2023\/08\/kalite_foto.webp 1920w\" sizes=\"(max-width: 525px) 100vw, 525px\" \/>\t\t\t\t\t\t\t\t\t\t\t\t\t\t\t<\/div>\n\t\t\t\t<\/div>\n\t\t\t\t\t<\/div>\n\t\t<\/div>\n\t\t\t\t<div class=\"elementor-column elementor-col-33 elementor-top-column elementor-element elementor-element-879b65e\" data-id=\"879b65e\" data-element_type=\"column\">\n\t\t\t<div class=\"elementor-widget-wrap elementor-element-populated\">\n\t\t\t\t\t\t\t\t<div class=\"elementor-element elementor-element-81b0b98 elementor-widget elementor-widget-image\" data-id=\"81b0b98\" data-element_type=\"widget\" data-widget_type=\"image.default\">\n\t\t\t\t<div class=\"elementor-widget-container\">\n\t\t\t\t\t\t\t\t\t\t\t\t\t\t\t<img decoding=\"async\" loading=\"lazy\" width=\"525\" height=\"350\" src=\"https:\/\/www.rocseals.com\/wp-content\/uploads\/2023\/10\/rocseals-production-1024x683.jpg\" class=\"attachment-large size-large wp-image-3186\" alt=\"\" srcset=\"https:\/\/www.rocseals.com\/wp-content\/uploads\/2023\/10\/rocseals-production-1024x683.jpg 1024w, https:\/\/www.rocseals.com\/wp-content\/uploads\/2023\/10\/rocseals-production-300x200.jpg 300w, https:\/\/www.rocseals.com\/wp-content\/uploads\/2023\/10\/rocseals-production-768x513.jpg 768w, https:\/\/www.rocseals.com\/wp-content\/uploads\/2023\/10\/rocseals-production-18x12.jpg 18w, https:\/\/www.rocseals.com\/wp-content\/uploads\/2023\/10\/rocseals-production.jpg 1536w\" sizes=\"(max-width: 525px) 100vw, 525px\" \/>\t\t\t\t\t\t\t\t\t\t\t\t\t\t\t<\/div>\n\t\t\t\t<\/div>\n\t\t\t\t\t<\/div>\n\t\t<\/div>\n\t\t\t\t\t\t\t<\/div>\n\t\t<\/section>\n\t\t\t\t<section class=\"elementor-section elementor-top-section elementor-element elementor-element-94b6e78 elementor-section-boxed elementor-section-height-default elementor-section-height-default\" data-id=\"94b6e78\" data-element_type=\"section\">\n\t\t\t\t\t\t<div class=\"elementor-container elementor-column-gap-default\">\n\t\t\t\t\t<div class=\"elementor-column elementor-col-33 elementor-top-column elementor-element elementor-element-8bb3262\" data-id=\"8bb3262\" data-element_type=\"column\">\n\t\t\t<div class=\"elementor-widget-wrap elementor-element-populated\">\n\t\t\t\t\t\t\t\t<div class=\"elementor-element elementor-element-043925d elementor-widget elementor-widget-text-editor\" data-id=\"043925d\" data-element_type=\"widget\" data-widget_type=\"text-editor.default\">\n\t\t\t\t<div class=\"elementor-widget-container\">\n\t\t\t\t\t\t\t<h4><span style=\"color: #db0000;\"><strong>\u00dcRET\u0130M TEKN\u0130\u011e\u0130<\/strong><\/span><\/h4><p>TPE, PVC, EPDM ve Silikon contalar \u00fcreten ROCSEALS, SBR, NR, CR gibi farkl\u0131 malzemelere de cevap verebilmektedir. \u00dcretim tekni\u011fi olarak ekstr\u00fczyon, kompresyon ve enjeksiyon pres hatlar\u0131n\u0131 kullanmaktad\u0131r. Bantlama, kesme, k\u0131l kaynak gibi konfeksiyon makineleri ile entegre bir \u00fcretim tesisidir.<\/p>\t\t\t\t\t\t<\/div>\n\t\t\t\t<\/div>\n\t\t\t\t\t<\/div>\n\t\t<\/div>\n\t\t\t\t<div class=\"elementor-column elementor-col-33 elementor-top-column elementor-element elementor-element-00edbed\" data-id=\"00edbed\" data-element_type=\"column\">\n\t\t\t<div class=\"elementor-widget-wrap elementor-element-populated\">\n\t\t\t\t\t\t\t\t<div class=\"elementor-element elementor-element-22bf9c5 elementor-widget elementor-widget-text-editor\" data-id=\"22bf9c5\" data-element_type=\"widget\" data-widget_type=\"text-editor.default\">\n\t\t\t\t<div class=\"elementor-widget-container\">\n\t\t\t\t\t\t\t<h4><span style=\"color: #db0000;\"><strong>KES\u0130NT\u0130S\u0130Z \u00dcRET\u0130M<\/strong><\/span><\/h4><p>Adana ve \u0130stanbul\u2019daki \u00fcretim tesislerimizde s\u00fcrd\u00fcr\u00fclebilirlik \u00e7er\u00e7evesinde \u00fcr\u00fcnlerimizi ve hizmetlerimizi sizden gelen \u015fartname ve talimatlar do\u011frultusunda haz\u0131rl\u0131yor ve sunuyoruz. K\u0131sa mesafeler, h\u0131zl\u0131 ve verimli \u00e7\u00f6z\u00fcm \u00f6nerileri, m\u00fc\u015fteri ve hedef odakl\u0131 hareket, insana ve \u00e7evreye sayg\u0131, kurumsal felsefemizin ve kesintisiz hizmet anlay\u0131\u015f\u0131m\u0131z\u0131n temel unsurlar\u0131d\u0131r.<\/p>\t\t\t\t\t\t<\/div>\n\t\t\t\t<\/div>\n\t\t\t\t\t<\/div>\n\t\t<\/div>\n\t\t\t\t<div class=\"elementor-column elementor-col-33 elementor-top-column elementor-element elementor-element-9114c6b\" data-id=\"9114c6b\" data-element_type=\"column\">\n\t\t\t<div class=\"elementor-widget-wrap elementor-element-populated\">\n\t\t\t\t\t\t\t\t<div class=\"elementor-element elementor-element-a57ff22 elementor-widget elementor-widget-text-editor\" data-id=\"a57ff22\" data-element_type=\"widget\" data-widget_type=\"text-editor.default\">\n\t\t\t\t<div class=\"elementor-widget-container\">\n\t\t\t\t\t\t\t<h4><strong><span style=\"color: #db0000;\">KALIP TASARIMI VE \u00dcRET\u0130M\u0130<\/span><\/strong><\/h4><p>Kal\u0131p tasar\u0131mlar\u0131 b\u00fcnyemizde uzman m\u00fchendislerimiz taraf\u0131ndan yap\u0131lmaktad\u0131r. TPE ve ekstr\u00fczyon hatlar\u0131 ile kesintisiz fitil \u00fcretimini DIN 3302-1 E1, E2 ve E3 kalite standartlar\u0131 ile s\u00fcrd\u00fcr\u00fcrken, m\u00fc\u015fterilerin ihtiya\u00e7 duydu\u011fu \u00f6zel test ve kalite standartlar\u0131 da ayr\u0131ca b\u00fcnyemizde veya ba\u011f\u0131ms\u0131z test enstit\u00fcleri taraf\u0131ndan kar\u015f\u0131lanmaktad\u0131r.<\/p>\t\t\t\t\t\t<\/div>\n\t\t\t\t<\/div>\n\t\t\t\t\t<\/div>\n\t\t<\/div>\n\t\t\t\t\t\t\t<\/div>\n\t\t<\/section>\n\t\t\t\t<section class=\"elementor-section elementor-top-section elementor-element elementor-element-8b3f63f elementor-section-boxed elementor-section-height-default elementor-section-height-default\" data-id=\"8b3f63f\" data-element_type=\"section\">\n\t\t\t\t\t\t<div class=\"elementor-container elementor-column-gap-default\">\n\t\t\t\t\t<div class=\"elementor-column elementor-col-100 elementor-top-column elementor-element elementor-element-1c1595f\" data-id=\"1c1595f\" data-element_type=\"column\">\n\t\t\t<div class=\"elementor-widget-wrap\">\n\t\t\t\t\t\t\t\t\t<\/div>\n\t\t<\/div>\n\t\t\t\t\t\t\t<\/div>\n\t\t<\/section>\n\t\t\t\t<section class=\"elementor-section elementor-top-section elementor-element elementor-element-eac19d7 elementor-section-boxed elementor-section-height-default elementor-section-height-default\" data-id=\"eac19d7\" data-element_type=\"section\">\n\t\t\t\t\t\t<div class=\"elementor-container elementor-column-gap-default\">\n\t\t\t\t\t<div class=\"elementor-column elementor-col-33 elementor-top-column elementor-element elementor-element-e5d94d5\" data-id=\"e5d94d5\" data-element_type=\"column\" data-settings=\"{&quot;background_background&quot;:&quot;classic&quot;}\">\n\t\t\t<div class=\"elementor-widget-wrap elementor-element-populated\">\n\t\t\t\t\t\t\t\t<div class=\"elementor-element elementor-element-8113e63 elementor-widget elementor-widget-heading\" data-id=\"8113e63\" data-element_type=\"widget\" data-widget_type=\"heading.default\">\n\t\t\t\t<div class=\"elementor-widget-container\">\n\t\t\t<style>\/*! elementor - v3.16.0 - 09-10-2023 *\/\n.elementor-heading-title{padding:0;margin:0;line-height:1}.elementor-widget-heading .elementor-heading-title[class*=elementor-size-]>a{color:inherit;font-size:inherit;line-height:inherit}.elementor-widget-heading .elementor-heading-title.elementor-size-small{font-size:15px}.elementor-widget-heading .elementor-heading-title.elementor-size-medium{font-size:19px}.elementor-widget-heading .elementor-heading-title.elementor-size-large{font-size:29px}.elementor-widget-heading .elementor-heading-title.elementor-size-xl{font-size:39px}.elementor-widget-heading .elementor-heading-title.elementor-size-xxl{font-size:59px}<\/style><h2 class=\"elementor-heading-title elementor-size-default\">SEKT\u00d6RLER<\/h2>\t\t<\/div>\n\t\t\t\t<\/div>\n\t\t\t\t\t<\/div>\n\t\t<\/div>\n\t\t\t\t<div class=\"elementor-column elementor-col-33 elementor-top-column elementor-element elementor-element-6622725\" data-id=\"6622725\" data-element_type=\"column\" data-settings=\"{&quot;background_background&quot;:&quot;classic&quot;}\">\n\t\t\t<div class=\"elementor-widget-wrap elementor-element-populated\">\n\t\t\t\t\t\t\t\t<div class=\"elementor-element elementor-element-937bb79 elementor-widget elementor-widget-heading\" data-id=\"937bb79\" data-element_type=\"widget\" data-widget_type=\"heading.default\">\n\t\t\t\t<div class=\"elementor-widget-container\">\n\t\t\t<h2 class=\"elementor-heading-title elementor-size-default\">MALZEME \u00c7E\u015e\u0130TL\u0130L\u0130\u011e\u0130 <\/h2>\t\t<\/div>\n\t\t\t\t<\/div>\n\t\t\t\t\t<\/div>\n\t\t<\/div>\n\t\t\t\t<div class=\"elementor-column elementor-col-33 elementor-top-column elementor-element elementor-element-a2e4aa5\" data-id=\"a2e4aa5\" data-element_type=\"column\" data-settings=\"{&quot;background_background&quot;:&quot;classic&quot;}\">\n\t\t\t<div class=\"elementor-widget-wrap elementor-element-populated\">\n\t\t\t\t\t\t\t\t<div class=\"elementor-element elementor-element-5798212 elementor-widget elementor-widget-heading\" data-id=\"5798212\" data-element_type=\"widget\" data-widget_type=\"heading.default\">\n\t\t\t\t<div class=\"elementor-widget-container\">\n\t\t\t<h2 class=\"elementor-heading-title elementor-size-default\">KAB\u0130L\u0130YETLER\u0130M\u0130Z<\/h2>\t\t<\/div>\n\t\t\t\t<\/div>\n\t\t\t\t\t<\/div>\n\t\t<\/div>\n\t\t\t\t\t\t\t<\/div>\n\t\t<\/section>\n\t\t\t\t<section class=\"elementor-section elementor-top-section elementor-element elementor-element-02c03d0 elementor-section-boxed elementor-section-height-default elementor-section-height-default\" data-id=\"02c03d0\" data-element_type=\"section\">\n\t\t\t\t\t\t<div class=\"elementor-container elementor-column-gap-default\">\n\t\t\t\t\t<div class=\"elementor-column elementor-col-33 elementor-top-column elementor-element elementor-element-1bc32d6\" data-id=\"1bc32d6\" data-element_type=\"column\">\n\t\t\t<div class=\"elementor-widget-wrap elementor-element-populated\">\n\t\t\t\t\t\t\t\t<div class=\"elementor-element elementor-element-020a66c elementor-widget elementor-widget-text-editor\" data-id=\"020a66c\" data-element_type=\"widget\" data-widget_type=\"text-editor.default\">\n\t\t\t\t<div class=\"elementor-widget-container\">\n\t\t\t\t\t\t\t<ul class=\"list-group\"><li class=\"list-group-item text-capitalize\">Kap\u0131 Ve Pencere Sekt\u00f6r\u00fc<\/li><li class=\"list-group-item text-capitalize\">Altyap\u0131 Sekt\u00f6r\u00fc<\/li><li class=\"list-group-item text-capitalize\">Yap\u0131 Sekt\u00f6r\u00fc<\/li><li class=\"list-group-item text-capitalize\">End\u00fcstri Sekt\u00f6r\u00fc<\/li><li class=\"list-group-item text-capitalize\">Otomotiv Sekt\u00f6r\u00fc<\/li><li class=\"list-group-item text-capitalize\">Elektrik Sanayi Sekt\u00f6r\u00fc<\/li><li class=\"list-group-item text-capitalize\">Makine Sanayi Sekt\u00f6r\u00fc<\/li><\/ul>\t\t\t\t\t\t<\/div>\n\t\t\t\t<\/div>\n\t\t\t\t\t<\/div>\n\t\t<\/div>\n\t\t\t\t<div class=\"elementor-column elementor-col-33 elementor-top-column elementor-element elementor-element-af925fd\" data-id=\"af925fd\" data-element_type=\"column\">\n\t\t\t<div class=\"elementor-widget-wrap elementor-element-populated\">\n\t\t\t\t\t\t\t\t<div class=\"elementor-element elementor-element-5038451 elementor-widget elementor-widget-text-editor\" data-id=\"5038451\" data-element_type=\"widget\" data-widget_type=\"text-editor.default\">\n\t\t\t\t<div class=\"elementor-widget-container\">\n\t\t\t\t\t\t\t<ul class=\"list-group\"><li class=\"list-group-item text-capitalize\">TPE Contalar\u0131<\/li><li class=\"list-group-item text-capitalize\">PVC Contalar\u0131<\/li><li class=\"list-group-item text-capitalize\">EPDM Contalar\u0131<\/li><li class=\"list-group-item text-capitalize\">Silikon Contalar<\/li><\/ul>\t\t\t\t\t\t<\/div>\n\t\t\t\t<\/div>\n\t\t\t\t\t<\/div>\n\t\t<\/div>\n\t\t\t\t<div class=\"elementor-column elementor-col-33 elementor-top-column elementor-element elementor-element-9859650\" data-id=\"9859650\" data-element_type=\"column\">\n\t\t\t<div class=\"elementor-widget-wrap elementor-element-populated\">\n\t\t\t\t\t\t\t\t<div class=\"elementor-element elementor-element-8016254 elementor-widget elementor-widget-text-editor\" data-id=\"8016254\" data-element_type=\"widget\" data-widget_type=\"text-editor.default\">\n\t\t\t\t<div class=\"elementor-widget-container\">\n\t\t\t\t\t\t\t<ul class=\"list-group\"><li class=\"list-group-item text-capitalize\">Yaz\u0131 Yazma<\/li><li class=\"list-group-item text-capitalize\">Anti Stre\u00e7 Ip Veya PP<\/li><li class=\"list-group-item text-capitalize\">Bantlama &amp; Konfeksiyon<\/li><li class=\"list-group-item text-capitalize\">S\u00fcngerli TPE &amp; Kaplama<\/li><li class=\"list-group-item text-capitalize\">Co-Ex Tri-Ex<\/li><li class=\"list-group-item text-capitalize\">Kesme &amp; Delme<\/li><li class=\"list-group-item text-capitalize\">TPE Veya EPDM Al\u0131n Kaynak<\/li><\/ul>\t\t\t\t\t\t<\/div>\n\t\t\t\t<\/div>\n\t\t\t\t\t<\/div>\n\t\t<\/div>\n\t\t\t\t\t\t\t<\/div>\n\t\t<\/section>\n\t\t\t\t<section class=\"elementor-section elementor-top-section elementor-element elementor-element-714c928 elementor-section-boxed elementor-section-height-default elementor-section-height-default\" data-id=\"714c928\" data-element_type=\"section\">\n\t\t\t\t\t\t\t<div class=\"elementor-background-overlay\"><\/div>\n\t\t\t\t\t\t\t<div class=\"elementor-container elementor-column-gap-default\">\n\t\t\t\t\t<div class=\"elementor-column elementor-col-100 elementor-top-column elementor-element elementor-element-52dad3f\" data-id=\"52dad3f\" data-element_type=\"column\">\n\t\t\t<div class=\"elementor-widget-wrap\">\n\t\t\t\t\t\t\t\t\t<\/div>\n\t\t<\/div>\n\t\t\t\t\t\t\t<\/div>\n\t\t<\/section>\n\t\t\t\t\t\t\t<\/div>","protected":false},"excerpt":{"rendered":"<p>Boundless Quality in Diversity ROCSEALS The diversity offered by rubber and elastomers, depending on their usage areas and properties, requires continuous innovation and production knowledge. ROCSEALS closely follows the latest production innovations in this field, shaping its product range according to the needs of its customers, thus providing the desired solution in a short period [&hellip;]<\/p>","protected":false},"author":1,"featured_media":0,"parent":0,"menu_order":0,"comment_status":"closed","ping_status":"closed","template":"tpl-default-elementor.php","meta":{"footnotes":""},"_links":{"self":[{"href":"https:\/\/www.rocseals.com\/tr\/wp-json\/wp\/v2\/pages\/765"}],"collection":[{"href":"https:\/\/www.rocseals.com\/tr\/wp-json\/wp\/v2\/pages"}],"about":[{"href":"https:\/\/www.rocseals.com\/tr\/wp-json\/wp\/v2\/types\/page"}],"author":[{"embeddable":true,"href":"https:\/\/www.rocseals.com\/tr\/wp-json\/wp\/v2\/users\/1"}],"replies":[{"embeddable":true,"href":"https:\/\/www.rocseals.com\/tr\/wp-json\/wp\/v2\/comments?post=765"}],"version-history":[{"count":74,"href":"https:\/\/www.rocseals.com\/tr\/wp-json\/wp\/v2\/pages\/765\/revisions"}],"predecessor-version":[{"id":3189,"href":"https:\/\/www.rocseals.com\/tr\/wp-json\/wp\/v2\/pages\/765\/revisions\/3189"}],"wp:attachment":[{"href":"https:\/\/www.rocseals.com\/tr\/wp-json\/wp\/v2\/media?parent=765"}],"curies":[{"name":"wp","href":"https:\/\/api.w.org\/{rel}","templated":true}]}}