{"id":894,"date":"2021-01-16T04:26:09","date_gmt":"2021-01-16T01:26:09","guid":{"rendered":"http:\/\/old4.commonsupport.com\/update\/indext\/?page_id=894"},"modified":"2023-09-26T14:28:45","modified_gmt":"2023-09-26T11:28:45","slug":"kapi-pencere","status":"publish","type":"page","link":"https:\/\/www.rocseals.com\/tr\/kapi-pencere\/","title":{"rendered":"Kap\u0131 &amp; Pencere"},"content":{"rendered":"<div data-elementor-type=\"wp-page\" data-elementor-id=\"894\" class=\"elementor elementor-894\">\n\t\t\t\t\t\t\t\t\t<section class=\"elementor-section elementor-top-section elementor-element elementor-element-7cce3b8 elementor-section-boxed elementor-section-height-default elementor-section-height-default\" data-id=\"7cce3b8\" data-element_type=\"section\">\n\t\t\t\t\t\t<div class=\"elementor-container elementor-column-gap-no\">\n\t\t\t\t\t<div class=\"elementor-column elementor-col-33 elementor-top-column elementor-element elementor-element-1fe0b97\" data-id=\"1fe0b97\" data-element_type=\"column\">\n\t\t\t<div class=\"elementor-widget-wrap elementor-element-populated\">\n\t\t\t\t\t\t\t\t<div class=\"elementor-element elementor-element-85fb15c elementor-widget elementor-widget-indext_wi_catagory\" data-id=\"85fb15c\" data-element_type=\"widget\" data-widget_type=\"indext_wi_catagory.default\">\n\t\t\t\t<div class=\"elementor-widget-container\">\n\t\t\t\t\t\n\t\t<section class=\"one service-details\">\n\t\t\t<div class=\"container\">\n\t\t\t\t<div class=\"row\">\n\t\t\t\t\t<div class=\"col-lg-12\">\n\t\t\t\t\t\t<ul class=\"service-details__list list-unstyled\">\n\t\t\t\t\t\t\t\t\t\t\t\t\t\t\t\t\t\t\t\t\t<li>\n\t\t\t\t\t\t\t\t<a href=\"https:\/\/www.rocseals.com\/tr\/kapi-pencere\/\">Kap\u0131 &amp; Pencere<\/a>\n\t\t\t\t\t\t\t<\/li>\n\t\t\t\t\t\t\t\t\t\t\t\t\t\t\t\t\t\t\t\t\t\t\t\t\t\t\t\t<li>\n\t\t\t\t\t\t\t\t<a href=\"https:\/\/www.rocseals.com\/tr\/cephe-kaplama\/\">Cephe Kaplama<\/a>\n\t\t\t\t\t\t\t<\/li>\n\t\t\t\t\t\t\t\t\t\t\t\t\t\t\t\t\t\t\t\t\t\t\t\t\t\t\t\t<li>\n\t\t\t\t\t\t\t\t<a href=\"https:\/\/www.rocseals.com\/tr\/kis-bahcesi-tente\/\">K\u0131\u015f Bah\u00e7esi &amp; Tente<\/a>\n\t\t\t\t\t\t\t<\/li>\n\t\t\t\t\t\t\t\t\t\t\t\t\t\t\t\t\t\t\t\t\t\t\t\t\t\t\t\t<li>\n\t\t\t\t\t\t\t\t<a href=\"https:\/\/www.rocseals.com\/tr\/diger-uretimler\/\">Di\u011fer \u00dcretimler<\/a>\n\t\t\t\t\t\t\t<\/li>\n\t\t\t\t\t\t\t\t\t\t\t\t\t\t\t\t\t\t\t\t<\/ul><!-- \/.servicde-list -->\n\t\t\t\t\t<\/div><!-- \/.col-lg-4 -->\n\t\t\t\t<\/div><!-- \/.row -->\n\t\t\t<\/div><!-- \/.container -->\n\t\t<\/section>\n\n\t\t\t\t<\/div>\n\t\t\t\t<\/div>\n\t\t\t\t<div class=\"elementor-element elementor-element-cc407aa elementor-widget elementor-widget-indext_wi_about\" data-id=\"cc407aa\" data-element_type=\"widget\" data-widget_type=\"indext_wi_about.default\">\n\t\t\t\t<div class=\"elementor-widget-container\">\n\t\t\t<section class=\"two service-details\">\n\t<div class=\"container\">\n\t\t<div class=\"row\">\n\t\t\t<div class=\"col-lg-12\">\n\t\t\t\t<div class=\"service-details__broucher\">\n\t\t\t\t\t<h2 class=\"service-details__broucher-title\">Katalo\u011fu \u0130ndir<\/h2><!-- \/.service-details__broucher-title -->\n\t\t\t\t\t<p class=\"service-details__broucher-text\">\n<\/p><!-- \/.service-details__broucher-text -->\n\t\t\t\t\t<a target=\"_blank\" href=\"http:\/\/www.rocseals.com\/wp-content\/uploads\/2023\/09\/KATALOG-RESIMLERI.pdf\" class=\"thm-btn service-details__broucher-btn\">\u0130ndir <\/a><!-- \/.thm-btn -->\n\t\t\t\t<\/div><!-- \/.service-details__broucher -->\n\t\t\t<\/div><!-- \/.col-lg-4 -->\n\t\t<\/div><!-- \/.row -->\n\t<\/div><!-- \/.container -->\n<\/section>\n\t\t\t\t<\/div>\n\t\t\t\t<\/div>\n\t\t\t\t\t<\/div>\n\t\t<\/div>\n\t\t\t\t<div class=\"elementor-column elementor-col-66 elementor-top-column elementor-element elementor-element-1d869aa\" data-id=\"1d869aa\" data-element_type=\"column\">\n\t\t\t<div class=\"elementor-widget-wrap elementor-element-populated\">\n\t\t\t\t\t\t\t\t<div class=\"elementor-element elementor-element-1c72a99 elementor-widget elementor-widget-indext_services_details\" data-id=\"1c72a99\" data-element_type=\"widget\" data-widget_type=\"indext_services_details.default\">\n\t\t\t\t<div class=\"elementor-widget-container\">\n\t\t\t<section class=\"service-details\">\n            <div class=\"container\">\n                <div class=\"row\">\n                    <div class=\"col-lg-12\">\n                        <div class=\"service-details__content\">\n                            <h2 class=\"service-details__title\">Kap\u0131 &amp; Pencere Contalar\u0131<\/h2><!-- \/.service-details__title -->\n                            <br>\n                            <p class=\"service-details__text\">Kap\u0131-pencere sistemlerinde kullan\u0131lan contalar, ROCSEALS\u2019\u0131n \u00fcretim ve pazarlamas\u0131nda \u00f6nemli bir a\u011f\u0131rl\u0131\u011fa sahiptir. Ba\u015fta TPE olmak \u00fczere, EPDM ve Silikon malzemeler ile de conta \u00fcretimi ger\u00e7ekle\u015ftiren ROCSEALS, sekt\u00f6r\u00fcn ihtiya\u00e7lar\u0131na tam ve gerekli kalitede cevap vermektedir.\n\nROCSEALS, m\u00fc\u015fterilerinin talebi olmas\u0131 halinde, profil tiplerine en uygun conta tasar\u0131m\u0131n\u0131 da en k\u0131sa s\u00fcrede yapar, \u00fcretimini ger\u00e7ekle\u015ftirir ve m\u00fc\u015fterisine teslim eder.<\/p><!-- \/.service-details__text -->\n                            <br><br>\n                            <div class=\"service-details__image\">\n                                <div class=\"row low-gutters\">\n                                    <div class=\"col-md-12\">\n                                        <img decoding=\"async\" src=\"http:\/\/www.rocseals.com\/wp-content\/uploads\/2023\/09\/pencere1.webp\" alt=\"\" class=\"img-fluid\">\n                                    <\/div><!-- \/.col-md-12 -->\n                                    <div class=\"col-md-6\">\n                                        <img decoding=\"async\" src=\"http:\/\/www.rocseals.com\/wp-content\/uploads\/2023\/09\/pencere2.webp\" alt=\"\" class=\"img-fluid\">\n                                    <\/div><!-- \/.col-md-6 -->\n                                    <div class=\"col-md-6\">\n                                        <img decoding=\"async\" src=\"http:\/\/www.rocseals.com\/wp-content\/uploads\/2023\/09\/rocseals-pencere.webp\" alt=\"\" class=\"img-fluid\">\n                                    <\/div><!-- \/.col-md-6 -->\n                                <\/div><!-- \/.row -->\n                            <\/div><!-- \/.service-details__image -->\n                            <br><br>\n                            <p class=\"service-details__text\"><b>PVC S\u0130STEM<\/b> <br>\nROCSEALS t\u00fcm pvc kap\u0131 ve pencere sistemleri i\u00e7in, kaplamal\u0131 fitiller dahil, \u00e7e\u015fitli elastomerler ile \u00fcretilmi\u015f zengin bir conta yelpazesine sahiptir. \u0130htiya\u00e7 duydu\u011funuz contalar ve teknik bilgi i\u00e7in bizimle irtibata ge\u00e7ebilirsiniz.\n<br><br>\n<b>AL\u00dcM\u0130NYUM S\u0130STEM<\/b> <br>\nROCSEALS, al\u00fcminyum sistemler i\u00e7in m\u00fc\u015fterilerine b\u00fcy\u00fck s\u0131cakl\u0131k aral\u0131klar\u0131na ve d\u0131\u015f hava ko\u015fullar\u0131na dayan\u0131kl\u0131 conta \u00e7e\u015fitleri sunmaktad\u0131r. \u0130htiya\u00e7 duydu\u011funuz contalar ve teknik bilgi i\u00e7in bizimle irtibata ge\u00e7ebilirsiniz.\n<br><br>\n<b>AH\u015eAP S\u0130STEM<\/b> <br>\nROCSEALS, ah\u015fap kap\u0131 ve pencereler i\u00e7in, kendinden yap\u0131\u015fkanl\u0131 ve s\u00fcngerli fitiller de dahil olmak \u00fczere, her t\u00fcr conta \u00fcretimini ger\u00e7ekle\u015ftirmektedir. \u0130htiya\u00e7 duydu\u011funuz contalar ve teknik bilgi i\u00e7in bizimle irtibata ge\u00e7ebilirsiniz.\n<\/p><!-- \/.service-details__text -->\n                    <\/div><!-- \/.col-lg-8 -->\n                <\/div><!-- \/.row -->\n            <\/div><!-- \/.container -->\n            <\/div><!-- \/.container -->\n        <\/section>\n\t\t\t\t<\/div>\n\t\t\t\t<\/div>\n\t\t\t\t<div class=\"elementor-element elementor-element-93b5e52 elementor-widget elementor-widget-indext_services_details2\" data-id=\"93b5e52\" data-element_type=\"widget\" data-widget_type=\"indext_services_details2.default\">\n\t\t\t\t<div class=\"elementor-widget-container\">\n\t\t\t\t\t<section class=\"service-details\">\n\t\t\t<div class=\"container\">\n\t\t\t\t<div class=\"row\">\n\t\t\t\t\t<div class=\"col-lg-12\">\n\t\t\t\t\t\t<div class=\"row low-gutters\">\n\t\t\t\t\t\t\t<div class=\"col-lg-6\">\n\t\t\t\t\t\t\t\t<h2 class=\"service-details__subtitle\">\u00dcRET\u0130M\u0130N\u0130 YAPTI\u011eIMIZ CONTALAR<\/h2>\n\t\t\t\t\t\t\t\t<br>\n\t\t\t\t\t\t\t\t<!-- \/.service-details__subtitle -->\n\t\t\t\t\t\t\t\t<p class=\"service-details__text\"><\/p><!-- \/.service-details__text -->\n\t\t\t\t\t\t\t\t<br>\n\t\t\t\t\t\t\t\t<ul class=\"service-details__feature-list list-unstyled\">\n\n\t\t\t\t\t\t\t\t\t\t\n\n\t\t\t\t\t\t\t\t\t<li><i class=\"indext-icon-check-1-2\"><\/i>TPE Contalar\u0131<\/li>\n\n\t\t\t\t\t\t\t\t\t\t\n\n\t\t\t\t\t\t\t\t\t<li><i class=\"indext-icon-check-1-2\"><\/i>PVC Contalar\u0131\n<\/li>\n\n\t\t\t\t\t\t\t\t\t\t\n\n\t\t\t\t\t\t\t\t\t<li><i class=\"indext-icon-check-1-2\"><\/i>EPDM Contalar\u0131\n<\/li>\n\n\t\t\t\t\t\t\t\t\t\t\n\n\t\t\t\t\t\t\t\t\t<li><i class=\"indext-icon-check-1-2\"><\/i>Silikon Contalar\u0131<\/li>\n\n\t\t\t\t\t\t\t\t\t\t\t\t\t\t\t\t\t<\/ul><!-- \/.service-details__feature-list -->\n\t\t\t\t\t\t\t\t<br>\n\t\t\t\t\t\t\t<\/div><!-- \/.col-lg-6 -->\n\t\t\t\t\t\t\t<div class=\"col-lg-6\">\n\t\t\t\t\t\t\t\t<img decoding=\"async\" src=\"http:\/\/www.rocseals.com\/wp-content\/uploads\/2023\/09\/pvc-conta-1.webp\" alt=\"\">\n\t\t\t\t\t\t\t\t<br>\n\t\t\t\t\t\t\t<\/div><!-- \/.col-lg-6 -->\n\t\t\t\t\t\t<\/div><!-- \/.row -->\n\t\t\t\t\t<\/div><!-- \/.service-details__content -->\n\t\t\t\t\t<br>\n\t\t\t\t\t<p class=\"service-details__text\"><\/p><!-- \/.service-details__text -->\n\t\t\t\t\t<br><br>\n\t\t\t\t\t<a target=\"_blank\" href=\"https:\/\/www.rocseals.com\/tr\/cephe-kaplama\/\" class=\"thm-btn service-details__btn\">Cephe Kaplama<i class=\"fa fa-long-arrow-right\"><\/i>\n\t\t\t\t\t<!-- \/.fa --><\/a><!-- \/.thm-btn -->\n\t\t\t\t\t<\/div><!-- \/.col-lg-8 -->\n\t\t\t\t<\/div><!-- \/.row -->\n\t\t<\/section>\n\t\t\t\t<\/div>\n\t\t\t\t<\/div>\n\t\t\t\t\t<\/div>\n\t\t<\/div>\n\t\t\t\t\t\t\t<\/div>\n\t\t<\/section>\n\t\t\t\t\t\t\t<\/div>","protected":false},"excerpt":{"rendered":"<p>DOOR &amp; WINDOW GASKETS FACADE GASKETS WINTER GARDEN &amp; AWNING GASKETS OTHER SECTORS Download Catalog Download Door &#038; Window Seals Gaskets used in door-window systems have an important weight in the production and marketing of ROCSEALS. ROCSEALS, which produces gaskets with primarily TPE, EPDM and Silicone materials, responds to the needs of the sector with [&hellip;]<\/p>","protected":false},"author":1,"featured_media":0,"parent":0,"menu_order":0,"comment_status":"closed","ping_status":"closed","template":"tpl-default-elementor.php","meta":{"footnotes":""},"_links":{"self":[{"href":"https:\/\/www.rocseals.com\/tr\/wp-json\/wp\/v2\/pages\/894"}],"collection":[{"href":"https:\/\/www.rocseals.com\/tr\/wp-json\/wp\/v2\/pages"}],"about":[{"href":"https:\/\/www.rocseals.com\/tr\/wp-json\/wp\/v2\/types\/page"}],"author":[{"embeddable":true,"href":"https:\/\/www.rocseals.com\/tr\/wp-json\/wp\/v2\/users\/1"}],"replies":[{"embeddable":true,"href":"https:\/\/www.rocseals.com\/tr\/wp-json\/wp\/v2\/comments?post=894"}],"version-history":[{"count":91,"href":"https:\/\/www.rocseals.com\/tr\/wp-json\/wp\/v2\/pages\/894\/revisions"}],"predecessor-version":[{"id":3049,"href":"https:\/\/www.rocseals.com\/tr\/wp-json\/wp\/v2\/pages\/894\/revisions\/3049"}],"wp:attachment":[{"href":"https:\/\/www.rocseals.com\/tr\/wp-json\/wp\/v2\/media?parent=894"}],"curies":[{"name":"wp","href":"https:\/\/api.w.org\/{rel}","templated":true}]}}